{"id":6,"date":"2019-10-23T16:43:33","date_gmt":"2019-10-23T14:43:33","guid":{"rendered":"http:\/\/xn--entreparenthses-5mb.com\/?page_id=6"},"modified":"2019-10-26T16:43:21","modified_gmt":"2019-10-26T14:43:21","slug":"entre-parentheses","status":"publish","type":"page","link":"https:\/\/xn--entreparenthses-5mb.com\/?page_id=6","title":{"rendered":"Entre Parenth\u00e8ses"},"content":{"rendered":"\n<p>Entre Parenth\u00e8ses est une association loi 1901 cr\u00e9\u00e9e en 2010 qui a pour objet d\u2019accompagner les enseignants dans la mise en place de leurs s\u00e9jours p\u00e9dagogiques.<\/p>\n\n\n\n<p>Nous travaillons en accord et dans le sens des diff\u00e9rents projets inh\u00e9rents aux \u00e9coles : projet p\u00e9dagogique, projet d&#8217;\u00e9cole et projet de classe. <br>Chaque s\u00e9jour est mis en place, discut\u00e9 et organis\u00e9 en \u00e9troite relation avec l&#8217;\u00e9quipe p\u00e9dagogique afin qu&#8217;il corresponde pleinement aux attentes de chacun et pour que tous nos voyages soient adapt\u00e9s \u00e0 la classe et aux \u00e9l\u00e8ves.<\/p>\n\n\n\n<figure class=\"wp-block-image\"><img loading=\"lazy\" width=\"1024\" height=\"678\" src=\"https:\/\/xn--entreparenthses-5mb.com\/wp-content\/uploads\/2019\/10\/IMGP2337-1024x678.jpg\" alt=\"\" class=\"wp-image-29\" srcset=\"https:\/\/xn--entreparenthses-5mb.com\/wp-content\/uploads\/2019\/10\/IMGP2337-1024x678.jpg 1024w, https:\/\/xn--entreparenthses-5mb.com\/wp-content\/uploads\/2019\/10\/IMGP2337-300x199.jpg 300w, https:\/\/xn--entreparenthses-5mb.com\/wp-content\/uploads\/2019\/10\/IMGP2337-768x509.jpg 768w\" sizes=\"(max-width: 1024px) 100vw, 1024px\" \/><\/figure>\n","protected":false},"excerpt":{"rendered":"<p>Entre Parenth\u00e8ses est une association loi 1901 cr\u00e9\u00e9e en 2010 qui a pour objet d\u2019accompagner les enseignants dans la mise en place de leurs s\u00e9jours p\u00e9dagogiques. Nous travaillons en accord et dans le sens des diff\u00e9rents projets inh\u00e9rents aux \u00e9coles : projet p\u00e9dagogique, projet d&#8217;\u00e9cole et projet de classe. Chaque s\u00e9jour est mis en place, [&hellip;]<\/p>\n","protected":false},"author":1,"featured_media":27,"parent":0,"menu_order":1,"comment_status":"closed","ping_status":"closed","template":"","meta":[],"_links":{"self":[{"href":"https:\/\/xn--entreparenthses-5mb.com\/index.php?rest_route=\/wp\/v2\/pages\/6"}],"collection":[{"href":"https:\/\/xn--entreparenthses-5mb.com\/index.php?rest_route=\/wp\/v2\/pages"}],"about":[{"href":"https:\/\/xn--entreparenthses-5mb.com\/index.php?rest_route=\/wp\/v2\/types\/page"}],"author":[{"embeddable":true,"href":"https:\/\/xn--entreparenthses-5mb.com\/index.php?rest_route=\/wp\/v2\/users\/1"}],"replies":[{"embeddable":true,"href":"https:\/\/xn--entreparenthses-5mb.com\/index.php?rest_route=%2Fwp%2Fv2%2Fcomments&post=6"}],"version-history":[{"count":3,"href":"https:\/\/xn--entreparenthses-5mb.com\/index.php?rest_route=\/wp\/v2\/pages\/6\/revisions"}],"predecessor-version":[{"id":30,"href":"https:\/\/xn--entreparenthses-5mb.com\/index.php?rest_route=\/wp\/v2\/pages\/6\/revisions\/30"}],"wp:featuredmedia":[{"embeddable":true,"href":"https:\/\/xn--entreparenthses-5mb.com\/index.php?rest_route=\/wp\/v2\/media\/27"}],"wp:attachment":[{"href":"https:\/\/xn--entreparenthses-5mb.com\/index.php?rest_route=%2Fwp%2Fv2%2Fmedia&parent=6"}],"curies":[{"name":"wp","href":"https:\/\/api.w.org\/{rel}","templated":true}]}}