{"id":5990,"date":"2023-06-07T10:18:49","date_gmt":"2023-06-07T08:18:49","guid":{"rendered":"https:\/\/xn--entreparenthses-5mb.com\/?page_id=5990"},"modified":"2023-06-22T15:28:27","modified_gmt":"2023-06-22T13:28:27","slug":"heures-retours","status":"publish","type":"page","link":"https:\/\/xn--entreparenthses-5mb.com\/?page_id=5990","title":{"rendered":"@@HEURES RETOURS@@"},"content":{"rendered":"\n<p>Vous trouverez sur cette page les heures de nos retours pour les sorties \u00e0 la journ\u00e9e !<\/p>\n\n\n\n<hr class=\"wp-block-separator\"\/>\n\n\n\n<p><strong>Orchies :<\/strong><\/p>\n\n\n\n<p>Notre journ\u00e9e nature s\u2019est bien pass\u00e9e mais l\u2019organisation des championnats de France de cyclisme sur route autour de Cassel fait que nous aurons un peu de <strong>RETARD<\/strong> sur notre heure de retour. Nous serons \u00e0 l\u2019\u00e9cole Jules Ferry <strong>vers 17:00<\/strong><\/p>\n\n\n\n<p><strong>Ecoles Jules Ferry :<\/strong><\/p>\n\n\n\n<p>Notre journ\u00e9e \u00e0 Paris s\u2019est bien pass\u00e9e. Nous sommes sur le retour et serons <span style=\"text-decoration: underline;\">\u00e0 20H00 sur Orchies<\/span> !<\/p>\n","protected":false},"excerpt":{"rendered":"<p>Vous trouverez sur cette page les heures de nos retours pour les sorties \u00e0 la journ\u00e9e ! Orchies : Notre journ\u00e9e nature s\u2019est bien pass\u00e9e mais l\u2019organisation des championnats de France de cyclisme sur route autour de Cassel fait que nous aurons un peu de RETARD sur notre heure de retour. Nous serons \u00e0 l\u2019\u00e9cole [&hellip;]<\/p>\n","protected":false},"author":1,"featured_media":0,"parent":0,"menu_order":0,"comment_status":"closed","ping_status":"closed","template":"","meta":[],"_links":{"self":[{"href":"https:\/\/xn--entreparenthses-5mb.com\/index.php?rest_route=\/wp\/v2\/pages\/5990"}],"collection":[{"href":"https:\/\/xn--entreparenthses-5mb.com\/index.php?rest_route=\/wp\/v2\/pages"}],"about":[{"href":"https:\/\/xn--entreparenthses-5mb.com\/index.php?rest_route=\/wp\/v2\/types\/page"}],"author":[{"embeddable":true,"href":"https:\/\/xn--entreparenthses-5mb.com\/index.php?rest_route=\/wp\/v2\/users\/1"}],"replies":[{"embeddable":true,"href":"https:\/\/xn--entreparenthses-5mb.com\/index.php?rest_route=%2Fwp%2Fv2%2Fcomments&post=5990"}],"version-history":[{"count":4,"href":"https:\/\/xn--entreparenthses-5mb.com\/index.php?rest_route=\/wp\/v2\/pages\/5990\/revisions"}],"predecessor-version":[{"id":6598,"href":"https:\/\/xn--entreparenthses-5mb.com\/index.php?rest_route=\/wp\/v2\/pages\/5990\/revisions\/6598"}],"wp:attachment":[{"href":"https:\/\/xn--entreparenthses-5mb.com\/index.php?rest_route=%2Fwp%2Fv2%2Fmedia&parent=5990"}],"curies":[{"name":"wp","href":"https:\/\/api.w.org\/{rel}","templated":true}]}}