{"id":4772,"date":"2023-04-06T15:15:03","date_gmt":"2023-04-06T13:15:03","guid":{"rendered":"https:\/\/xn--entreparenthses-5mb.com\/?page_id=4772"},"modified":"2023-04-06T17:44:04","modified_gmt":"2023-04-06T15:44:04","slug":"2023-templemars","status":"publish","type":"page","link":"https:\/\/xn--entreparenthses-5mb.com\/?page_id=4772","title":{"rendered":"2023 Templemars"},"content":{"rendered":"\n<p>Vous trouverez sur cette page toutes les informations et documents concernant l\u2019organisation du s\u00e9jour en Bourgogne.<\/p>\n\n\n\n<p><br>Cliquez sur les dossiers pour les t\u00e9l\u00e9charger ou appuyer sur le bouton \u00ab&nbsp;suivre le s\u00e9jour&nbsp;\u00bb pour suivre les aventures de vos enfants en continue.<\/p>\n\n\n\n<figure class=\"wp-block-image size-large\"><img loading=\"lazy\" width=\"1024\" height=\"768\" src=\"https:\/\/xn--entreparenthses-5mb.com\/wp-content\/uploads\/2023\/04\/Beaune-1-1024x768.jpg\" alt=\"\" class=\"wp-image-4774\" srcset=\"https:\/\/xn--entreparenthses-5mb.com\/wp-content\/uploads\/2023\/04\/Beaune-1-1024x768.jpg 1024w, https:\/\/xn--entreparenthses-5mb.com\/wp-content\/uploads\/2023\/04\/Beaune-1-300x225.jpg 300w, https:\/\/xn--entreparenthses-5mb.com\/wp-content\/uploads\/2023\/04\/Beaune-1-768x576.jpg 768w, https:\/\/xn--entreparenthses-5mb.com\/wp-content\/uploads\/2023\/04\/Beaune-1-1536x1152.jpg 1536w, https:\/\/xn--entreparenthses-5mb.com\/wp-content\/uploads\/2023\/04\/Beaune-1-2048x1536.jpg 2048w, https:\/\/xn--entreparenthses-5mb.com\/wp-content\/uploads\/2023\/04\/Beaune-1-830x623.jpg 830w, https:\/\/xn--entreparenthses-5mb.com\/wp-content\/uploads\/2023\/04\/Beaune-1-230x173.jpg 230w, https:\/\/xn--entreparenthses-5mb.com\/wp-content\/uploads\/2023\/04\/Beaune-1-350x263.jpg 350w, https:\/\/xn--entreparenthses-5mb.com\/wp-content\/uploads\/2023\/04\/Beaune-1-480x360.jpg 480w\" sizes=\"(max-width: 1024px) 100vw, 1024px\" \/><\/figure>\n\n\n\n<div class=\"wp-block-buttons is-content-justification-center\">\n<div class=\"wp-block-button\"><a class=\"wp-block-button__link has-vivid-red-color has-black-background-color has-text-color has-background\" href=\"https:\/\/xn--entreparenthses-5mb.com\/?page_id=4769\" style=\"border-radius:5px\">SUIVRE LE S\u00c9JOUR<\/a><\/div>\n<\/div>\n\n\n\n<p>Voici le dossier famille telechargeable par simple clic :<\/p>\n\n\n\n<div class=\"wp-block-file\"><a href=\"https:\/\/xn--entreparenthses-5mb.com\/wp-content\/uploads\/2023\/04\/Dossier-famille-site.pdf\">Dossier-famille-site<\/a><a href=\"https:\/\/xn--entreparenthses-5mb.com\/wp-content\/uploads\/2023\/04\/Dossier-famille-site.pdf\" class=\"wp-block-file__button\" download>T\u00e9l\u00e9charger<\/a><\/div>\n\n\n\n<p><\/p>\n","protected":false},"excerpt":{"rendered":"<p>Vous trouverez sur cette page toutes les informations et documents concernant l\u2019organisation du s\u00e9jour en Bourgogne. Cliquez sur les dossiers pour les t\u00e9l\u00e9charger ou appuyer sur le bouton \u00ab&nbsp;suivre le s\u00e9jour&nbsp;\u00bb pour suivre les aventures de vos enfants en continue. Voici le dossier famille telechargeable par simple clic :<\/p>\n","protected":false},"author":1,"featured_media":0,"parent":0,"menu_order":0,"comment_status":"closed","ping_status":"closed","template":"","meta":[],"_links":{"self":[{"href":"https:\/\/xn--entreparenthses-5mb.com\/index.php?rest_route=\/wp\/v2\/pages\/4772"}],"collection":[{"href":"https:\/\/xn--entreparenthses-5mb.com\/index.php?rest_route=\/wp\/v2\/pages"}],"about":[{"href":"https:\/\/xn--entreparenthses-5mb.com\/index.php?rest_route=\/wp\/v2\/types\/page"}],"author":[{"embeddable":true,"href":"https:\/\/xn--entreparenthses-5mb.com\/index.php?rest_route=\/wp\/v2\/users\/1"}],"replies":[{"embeddable":true,"href":"https:\/\/xn--entreparenthses-5mb.com\/index.php?rest_route=%2Fwp%2Fv2%2Fcomments&post=4772"}],"version-history":[{"count":3,"href":"https:\/\/xn--entreparenthses-5mb.com\/index.php?rest_route=\/wp\/v2\/pages\/4772\/revisions"}],"predecessor-version":[{"id":4784,"href":"https:\/\/xn--entreparenthses-5mb.com\/index.php?rest_route=\/wp\/v2\/pages\/4772\/revisions\/4784"}],"wp:attachment":[{"href":"https:\/\/xn--entreparenthses-5mb.com\/index.php?rest_route=%2Fwp%2Fv2%2Fmedia&parent=4772"}],"curies":[{"name":"wp","href":"https:\/\/api.w.org\/{rel}","templated":true}]}}