{"id":41,"date":"2019-10-28T11:18:23","date_gmt":"2019-10-28T10:18:23","guid":{"rendered":"http:\/\/xn--entreparenthses-5mb.com\/?page_id=41"},"modified":"2021-01-04T16:40:16","modified_gmt":"2021-01-04T15:40:16","slug":"nos-voyages","status":"publish","type":"page","link":"https:\/\/xn--entreparenthses-5mb.com\/?page_id=41","title":{"rendered":"Les s\u00e9jours 2019 \/2020"},"content":{"rendered":"\n<p>Vous trouverez sur cette page les diff\u00e9rents liens qui vous permettront de suivre les aventures de vos enfants.<\/p>\n\n\n\n<p>Vous trouverez le code d\u2019acc\u00e8s dans le \u00ab&nbsp;dossier parents&nbsp;\u00bb  remis lors de la r\u00e9union de pr\u00e9sentation du voyage.<\/p>\n\n\n\n<div class=\"wp-block-button aligncenter\"><a class=\"wp-block-button__link no-border-radius\" href=\"http:\/\/entreparenth\u00e8ses.com\/?page_id=50\">Ch\u00e9reng &#8211; Classe de mer les 8 et 9 juin<\/a><\/div>\n\n\n\n<p class=\"has-text-align-center\">Les \u00e9l\u00e8ves de petite et moyenne section de <strong>l\u2019\u00e9cole Sainte Marie<\/strong> de Ch\u00e9reng D\u00e9couvrent le littoral de la C\u00f4te d\u2019Opale.<\/p>\n\n\n\n<div class=\"wp-block-button aligncenter\"><a class=\"wp-block-button__link no-border-radius\" href=\"https:\/\/xn--entreparenthses-5mb.com\/?page_id=73\">Ch\u00e9reng &#8211; Val de Loire &#8211; du 7 au 10 avril<\/a><\/div>\n\n\n\n<p class=\"has-text-align-center\">Les \u00e9l\u00e8ves de grande section et de CP de l\u2019\u00e9cole <strong>Sainte Marie de Ch\u00e9reng<\/strong> partent \u00e0 la rencontre des tr\u00e9sors du Val de Loire.<\/p>\n\n\n\n<div class=\"wp-block-button aligncenter\"><a class=\"wp-block-button__link no-border-radius\" href=\"https:\/\/xn--entreparenthses-5mb.com\/?page_id=76\">Saint Amand &#8211; Autour de l\u2019eau &#8211; les 29 et 30 juin<\/a><\/div>\n\n\n\n<p class=\"has-text-align-center\">Les \u00e9l\u00e8ves de moyenne et grande section des \u00e9coles <strong>Louise Dematte et du centre<\/strong> voyageront sur la th\u00e9matique de l\u2019eau.<\/p>\n\n\n\n<div class=\"wp-block-button aligncenter\"><a class=\"wp-block-button__link no-border-radius\" href=\"https:\/\/xn--entreparenthses-5mb.com\/?page_id=98\">Templeuve &#8211; Val de Loire &#8211; du 4 au 7 mai <\/a><\/div>\n\n\n\n<p class=\"has-text-align-center\">Les \u00e9l\u00e8ves de l\u2019\u00e9cole <strong>Saint Martin de Templeuve<\/strong> d\u00e9couvrent les ch\u00e2teaux de la Loire.<\/p>\n\n\n\n<div class=\"wp-block-button aligncenter\"><a class=\"wp-block-button__link no-border-radius\" href=\"https:\/\/xn--entreparenthses-5mb.com\/?page_id=110\">Wahagnies &#8211; Allemagne &#8211; Du 23 au 26 mars<\/a><\/div>\n\n\n\n<p class=\"has-text-align-center\">Les CM1 et CM2 de l\u2019\u00e9cole <strong>Jules Ferry<\/strong> de Wahagnies iront \u00e0 la rencontre des enfants de B\u00f6hl-Iggelheim et d\u00e9couvriront l\u2019Allemagne.<\/p>\n\n\n\n<div class=\"wp-block-button aligncenter\"><a class=\"wp-block-button__link no-border-radius\" href=\"https:\/\/xn--entreparenthses-5mb.com\/?page_id=118\">Saint-Amand-les-Eaux &#8211; Contes et l\u00e9gendes dans les Ardennes Belges &#8211; 18 et 19 mai<\/a><\/div>\n\n\n\n<p class=\"has-text-align-center\">Les \u00e9l\u00e8ves de moyenne et grande section de <strong>l\u2019\u00e9cole Bracke Desrousseaux<\/strong> de Saint-Amand \u00e0 la d\u00e9couverte de la faune et la flore des Ardennes Belges \u00e0 travers les contes et l\u00e9gendes.<\/p>\n\n\n\n<div class=\"wp-block-button aligncenter\"><a class=\"wp-block-button__link no-border-radius\" href=\"https:\/\/xn--entreparenthses-5mb.com\/?page_id=121\">Cappelle-en-P\u00e9v\u00e8le &#8211; Normandie &#8211; du 6 au 10 avril<\/a><\/div>\n\n\n\n<p class=\"has-text-align-center\">Les CM2 de l\u2019\u00e9cole <strong>\u00c9milie Carles<\/strong> \u00e0 la d\u00e9couverte des tr\u00e9sors de la Normandie.<\/p>\n\n\n\n<div class=\"wp-block-button aligncenter\"><a class=\"wp-block-button__link no-border-radius\" href=\"https:\/\/xn--entreparenthses-5mb.com\/?page_id=132\">Cysoing &#8211; Puy du Fou &#8211; du 23 au 26 juin<\/a><\/div>\n\n\n\n<p class=\"has-text-align-center\">Les CM1 et CM2 de l\u2019\u00e9cole <strong>Saint Joseph de Cysoin<\/strong>g partent 4 jours \u00e0 la d\u00e9couverte du Pays de la Loire<\/p>\n\n\n\n<div class=\"wp-block-button aligncenter\"><a class=\"wp-block-button__link no-border-radius\" href=\"https:\/\/xn--entreparenthses-5mb.com\/?page_id=169\">Saint-Amand-les-Eaux &#8211; Normandie &#8211; Du 3 au 5 mars <\/a><\/div>\n\n\n\n<p class=\"has-text-align-center\">Les \u00e9l\u00e8ves de primaire de l\u2019\u00e9cole <strong>Bracke Desrousseaux<\/strong> \u00e0 la d\u00e9couverte des plages du d\u00e9barquement et des tr\u00e9sors de la Normandie.<\/p>\n\n\n\n<div class=\"wp-block-button aligncenter\"><a class=\"wp-block-button__link has-very-light-gray-color has-very-dark-gray-background-color has-text-color has-background no-border-radius\" href=\"https:\/\/xn--entreparenthses-5mb.com\/?page_id=183\">Saint-Amand-Les-Eaux &#8211; Normandie &#8211; Du 18 au 20 mai<\/a><\/div>\n\n\n\n<p class=\"has-text-align-center\">L\u2019\u00e9cole <strong>Marcel Benoist<\/strong> part \u00e0 la d\u00e9couverte de la Normandie.<\/p>\n\n\n\n<div class=\"wp-block-button aligncenter\"><a class=\"wp-block-button__link no-border-radius\" href=\"https:\/\/xn--entreparenthses-5mb.com\/?page_id=199\">Landas &#8211; Angleterre &#8211; Du 27 au 29 mai <\/a><\/div>\n\n\n\n<p class=\"has-text-align-center\">Les CE2, CM1 et CM2 de l\u2019\u00e9cole Jean Mac\u00e9 d\u00e9couvrent les tr\u00e9sors du Kent et de <strong>Londres<\/strong><\/p>\n\n\n\n<div class=\"wp-block-button aligncenter\"><a class=\"wp-block-button__link no-border-radius\" href=\"https:\/\/xn--entreparenthses-5mb.com\/?page_id=204\">Moncheaux &#8211; Classe de Mer Opale &#8211; Du 1er au 3 avril<\/a><\/div>\n\n\n\n<p class=\"has-text-align-center\">Histoire, sport et nature sur <strong>la c\u00f4te de notre r\u00e9gion<\/strong>.<\/p>\n\n\n\n<div class=\"wp-block-button aligncenter\"><a class=\"wp-block-button__link no-border-radius\" href=\"https:\/\/xn--entreparenthses-5mb.com\/?page_id=208\">Avelin &#8211; Paris\/Versailles &#8211; Les 25 et 26 mai<\/a><\/div>\n\n\n\n<p class=\"has-text-align-center\">Les \u00e9l\u00e8ves de l\u2019\u00e9cole Alphonse Daudet d\u00e9couvrent <strong>la ville lumi\u00e8re<\/strong> et le roi Soleil.<\/p>\n\n\n\n<div class=\"wp-block-button aligncenter\"><a class=\"wp-block-button__link no-border-radius\" href=\"https:\/\/xn--entreparenthses-5mb.com\/?page_id=212\">Camphin-en-Carembault &#8211; Oxford &#8211; Du 9 au 11 mars<\/a><\/div>\n\n\n\n<p class=\"has-text-align-center\">Les \u00e9l\u00e8ves de l\u2019\u00e9cole Jean Mac\u00e9 sur les traces du H\u00e9ros de JK Rowling : <strong>Harry Potter<\/strong><\/p>\n\n\n\n<div class=\"wp-block-button aligncenter\"><a class=\"wp-block-button__link no-border-radius\" href=\"https:\/\/xn--entreparenthses-5mb.com\/?page_id=216\">Landas -C\u00f4te d\u2019Opale &#8211; 4 et 5 juin <\/a><\/div>\n\n\n\n<p class=\"has-text-align-center\">Les grandes sections, CP et CE1 participent \u00e0 une classe de d\u00e9couverte sur le th\u00e8me de l\u2019eau.<\/p>\n\n\n\n<div class=\"wp-block-button aligncenter\"><a class=\"wp-block-button__link no-border-radius\" href=\"https:\/\/xn--entreparenthses-5mb.com\/?page_id=235\">M\u00e9rignies &#8211; Londres &#8211; Du 18 au 20 mars <\/a><\/div>\n\n\n\n<p class=\"has-text-align-center\">Les \u00e9l\u00e8ves de l\u2019\u00e9cole Jacques Brel \u00e0 la d\u00e9couverte de la capitale Anglaise.<\/p>\n","protected":false},"excerpt":{"rendered":"<p>Vous trouverez sur cette page les diff\u00e9rents liens qui vous permettront de suivre les aventures de vos enfants. Vous trouverez le code d\u2019acc\u00e8s dans le \u00ab&nbsp;dossier parents&nbsp;\u00bb remis lors de la r\u00e9union de pr\u00e9sentation du voyage. Les \u00e9l\u00e8ves de petite et moyenne section de l\u2019\u00e9cole Sainte Marie de Ch\u00e9reng D\u00e9couvrent le littoral de la C\u00f4te [&hellip;]<\/p>\n","protected":false},"author":1,"featured_media":27,"parent":0,"menu_order":0,"comment_status":"closed","ping_status":"closed","template":"page-templates\/page_fullwidth.php","meta":[],"_links":{"self":[{"href":"https:\/\/xn--entreparenthses-5mb.com\/index.php?rest_route=\/wp\/v2\/pages\/41"}],"collection":[{"href":"https:\/\/xn--entreparenthses-5mb.com\/index.php?rest_route=\/wp\/v2\/pages"}],"about":[{"href":"https:\/\/xn--entreparenthses-5mb.com\/index.php?rest_route=\/wp\/v2\/types\/page"}],"author":[{"embeddable":true,"href":"https:\/\/xn--entreparenthses-5mb.com\/index.php?rest_route=\/wp\/v2\/users\/1"}],"replies":[{"embeddable":true,"href":"https:\/\/xn--entreparenthses-5mb.com\/index.php?rest_route=%2Fwp%2Fv2%2Fcomments&post=41"}],"version-history":[{"count":25,"href":"https:\/\/xn--entreparenthses-5mb.com\/index.php?rest_route=\/wp\/v2\/pages\/41\/revisions"}],"predecessor-version":[{"id":390,"href":"https:\/\/xn--entreparenthses-5mb.com\/index.php?rest_route=\/wp\/v2\/pages\/41\/revisions\/390"}],"wp:featuredmedia":[{"embeddable":true,"href":"https:\/\/xn--entreparenthses-5mb.com\/index.php?rest_route=\/wp\/v2\/media\/27"}],"wp:attachment":[{"href":"https:\/\/xn--entreparenthses-5mb.com\/index.php?rest_route=%2Fwp%2Fv2%2Fmedia&parent=41"}],"curies":[{"name":"wp","href":"https:\/\/api.w.org\/{rel}","templated":true}]}}