{"id":3834,"date":"2023-03-09T11:53:01","date_gmt":"2023-03-09T10:53:01","guid":{"rendered":"https:\/\/xn--entreparenthses-5mb.com\/?page_id=3834"},"modified":"2023-03-09T12:25:12","modified_gmt":"2023-03-09T11:25:12","slug":"2023-les-tresors-de-vendee-2","status":"publish","type":"page","link":"https:\/\/xn--entreparenthses-5mb.com\/?page_id=3834","title":{"rendered":"2023 Les tr\u00e9sors de Vend\u00e9e"},"content":{"rendered":"\n<p>Vous trouverez sur cette page toutes les informations et documents concernant l\u2019organisation du s\u00e9jour en Vend\u00e9e.<\/p>\n\n\n\n<p><br>Cliquez sur les dossiers pour les t\u00e9l\u00e9charger ou appuyer sur le boutons \u00ab&nbsp;suivre le s\u00e9jour&nbsp;\u00bb pour suivre les aventures de vos enfants en continue.<\/p>\n\n\n\n<div class=\"wp-block-buttons is-content-justification-center\">\n<div class=\"wp-block-button\"><a class=\"wp-block-button__link has-vivid-red-color has-black-background-color has-text-color has-background\" href=\"https:\/\/xn--entreparenthses-5mb.com\/?page_id=3832\" style=\"border-radius:5px\">SUIVRE LE S\u00c9JOUR<\/a><\/div>\n<\/div>\n\n\n\n<figure class=\"wp-block-image size-large\"><img loading=\"lazy\" width=\"1024\" height=\"675\" src=\"https:\/\/xn--entreparenthses-5mb.com\/wp-content\/uploads\/2022\/02\/Capture-decran-2022-02-04-a-15.10.56-1024x675.png\" alt=\"\" class=\"wp-image-654\" srcset=\"https:\/\/xn--entreparenthses-5mb.com\/wp-content\/uploads\/2022\/02\/Capture-decran-2022-02-04-a-15.10.56-1024x675.png 1024w, https:\/\/xn--entreparenthses-5mb.com\/wp-content\/uploads\/2022\/02\/Capture-decran-2022-02-04-a-15.10.56-300x198.png 300w, https:\/\/xn--entreparenthses-5mb.com\/wp-content\/uploads\/2022\/02\/Capture-decran-2022-02-04-a-15.10.56-768x507.png 768w, https:\/\/xn--entreparenthses-5mb.com\/wp-content\/uploads\/2022\/02\/Capture-decran-2022-02-04-a-15.10.56-830x547.png 830w, https:\/\/xn--entreparenthses-5mb.com\/wp-content\/uploads\/2022\/02\/Capture-decran-2022-02-04-a-15.10.56-230x152.png 230w, https:\/\/xn--entreparenthses-5mb.com\/wp-content\/uploads\/2022\/02\/Capture-decran-2022-02-04-a-15.10.56-350x231.png 350w, https:\/\/xn--entreparenthses-5mb.com\/wp-content\/uploads\/2022\/02\/Capture-decran-2022-02-04-a-15.10.56-480x317.png 480w, https:\/\/xn--entreparenthses-5mb.com\/wp-content\/uploads\/2022\/02\/Capture-decran-2022-02-04-a-15.10.56.png 1316w\" sizes=\"(max-width: 1024px) 100vw, 1024px\" \/><\/figure>\n\n\n\n<hr class=\"wp-block-separator\"\/>\n\n\n\n<p>Voici le dossier famille que vous pouvez t\u00e9l\u00e9charger en cliquant sur le lien ci-dessous.<\/p>\n\n\n\n<div class=\"wp-block-file\"><a href=\"https:\/\/xn--entreparenthses-5mb.com\/wp-content\/uploads\/2023\/03\/Dossier-famille-site.pdf\">Dossier-famille-site<\/a><a href=\"https:\/\/xn--entreparenthses-5mb.com\/wp-content\/uploads\/2023\/03\/Dossier-famille-site.pdf\" class=\"wp-block-file__button\" download>T\u00e9l\u00e9charger<\/a><\/div>\n\n\n\n<hr class=\"wp-block-separator\"\/>\n\n\n\n<p><\/p>\n","protected":false},"excerpt":{"rendered":"<p>Vous trouverez sur cette page toutes les informations et documents concernant l\u2019organisation du s\u00e9jour en Vend\u00e9e. Cliquez sur les dossiers pour les t\u00e9l\u00e9charger ou appuyer sur le boutons \u00ab&nbsp;suivre le s\u00e9jour&nbsp;\u00bb pour suivre les aventures de vos enfants en continue. Voici le dossier famille que vous pouvez t\u00e9l\u00e9charger en cliquant sur le lien ci-dessous.<\/p>\n","protected":false},"author":1,"featured_media":0,"parent":0,"menu_order":0,"comment_status":"closed","ping_status":"closed","template":"","meta":[],"_links":{"self":[{"href":"https:\/\/xn--entreparenthses-5mb.com\/index.php?rest_route=\/wp\/v2\/pages\/3834"}],"collection":[{"href":"https:\/\/xn--entreparenthses-5mb.com\/index.php?rest_route=\/wp\/v2\/pages"}],"about":[{"href":"https:\/\/xn--entreparenthses-5mb.com\/index.php?rest_route=\/wp\/v2\/types\/page"}],"author":[{"embeddable":true,"href":"https:\/\/xn--entreparenthses-5mb.com\/index.php?rest_route=\/wp\/v2\/users\/1"}],"replies":[{"embeddable":true,"href":"https:\/\/xn--entreparenthses-5mb.com\/index.php?rest_route=%2Fwp%2Fv2%2Fcomments&post=3834"}],"version-history":[{"count":3,"href":"https:\/\/xn--entreparenthses-5mb.com\/index.php?rest_route=\/wp\/v2\/pages\/3834\/revisions"}],"predecessor-version":[{"id":3846,"href":"https:\/\/xn--entreparenthses-5mb.com\/index.php?rest_route=\/wp\/v2\/pages\/3834\/revisions\/3846"}],"wp:attachment":[{"href":"https:\/\/xn--entreparenthses-5mb.com\/index.php?rest_route=%2Fwp%2Fv2%2Fmedia&parent=3834"}],"curies":[{"name":"wp","href":"https:\/\/api.w.org\/{rel}","templated":true}]}}