{"id":381,"date":"2021-01-04T16:36:37","date_gmt":"2021-01-04T15:36:37","guid":{"rendered":"http:\/\/xn--entreparenthses-5mb.com\/?page_id=381"},"modified":"2024-01-22T12:46:07","modified_gmt":"2024-01-22T11:46:07","slug":"nos-voyages-2","status":"publish","type":"page","link":"https:\/\/xn--entreparenthses-5mb.com\/?page_id=381","title":{"rendered":"Nos voyages"},"content":{"rendered":"\n<p>Vous trouverez sur cette page les diff\u00e9rents liens qui vous permettront de t\u00e9l\u00e9charger les fichiers d\u2019informations et de suivre les s\u00e9jours que nous organisons.<\/p>\n\n\n\n<hr class=\"wp-block-separator\"\/>\n\n\n\n<p class=\"has-text-align-center\"><strong>Le code d\u2019acc\u00e8s des s\u00e9jours scolaires vous a \u00e9t\u00e9 remis par l&#8217;\u00e9cole.<\/strong><\/p>\n\n\n\n<hr class=\"wp-block-separator\"\/>\n\n\n\n<p class=\"has-text-align-center\"><strong>2022\/2023<\/strong><\/p>\n\n\n\n<div class=\"wp-block-buttons is-content-justification-center\">\n<div class=\"wp-block-button\"><a class=\"wp-block-button__link has-white-color has-cyan-bluish-gray-background-color has-text-color has-background\" href=\"https:\/\/xn--entreparenthses-5mb.com\/?page_id=5990\" style=\"border-radius:5px\">HEURES RETOURS<\/a><\/div>\n<\/div>\n\n\n\n<p>Voici le lien qui vous permettra d\u2019\u00eatre inform\u00e9 de l\u2019heure pr\u00e9cise de nos retours pour les voyages \u00e0 la journ\u00e9e.<\/p>\n\n\n\n<div class=\"wp-block-buttons is-content-justification-center\">\n<div class=\"wp-block-button\"><a class=\"wp-block-button__link has-white-color has-cyan-bluish-gray-background-color has-text-color has-background\" href=\"https:\/\/xn--entreparenthses-5mb.com\/?page_id=3453\" style=\"border-radius:5px\">M\u00c9RIGNIES &#8211; <em>\u00c9cole Jaques Brel<\/em><\/a><\/div>\n<\/div>\n\n\n\n<p>M\u00e9rignies : S\u00e9jour en Val de Loire du 15 au 17 mars 2023<\/p>\n\n\n\n<div class=\"wp-block-buttons is-content-justification-center\">\n<div class=\"wp-block-button\"><a class=\"wp-block-button__link has-white-color has-cyan-bluish-gray-background-color has-text-color has-background\" href=\"https:\/\/xn--entreparenthses-5mb.com\/?page_id=3828\" style=\"border-radius:5px\">SOLRE-LE-CH\u00c2TEAU &#8211; <em>Coll\u00e8ge du Solr\u00e9sis<\/em><\/a><\/div>\n<\/div>\n\n\n\n<p>Solre-le-Ch\u00e2teau : 3 jours en Normandie sur les traces du D-Day.<\/p>\n\n\n\n<div class=\"wp-block-buttons is-content-justification-center\">\n<div class=\"wp-block-button\"><a class=\"wp-block-button__link has-white-color has-cyan-bluish-gray-background-color has-text-color has-background\" href=\"https:\/\/xn--entreparenthses-5mb.com\/?page_id=3476\" style=\"border-radius:5px\">RENESCURE &amp; THIENNES &#8211; \u00e9coles Sainte-Marie &amp; Notre-Dame-du-Joyel<\/a><\/div>\n<\/div>\n\n\n\n<p>Renescure et Thiennes : 2 jours au PUY DU FOU.<\/p>\n\n\n\n<div class=\"wp-block-buttons is-content-justification-center\">\n<div class=\"wp-block-button\"><a class=\"wp-block-button__link has-white-color has-cyan-bluish-gray-background-color has-text-color has-background\" href=\"https:\/\/xn--entreparenthses-5mb.com\/?page_id=3482\" style=\"border-radius:5px\">CHEMY &#8211; <em>\u00c9cole les Colibris<\/em><\/a><\/div>\n<\/div>\n\n\n\n<p>Chemy : 4 jours sur la c\u00f4te d\u2019Opale &#8211; Du 9 au 12 mai 2023.<\/p>\n\n\n\n<div class=\"wp-block-buttons is-content-justification-center\">\n<div class=\"wp-block-button\"><a class=\"wp-block-button__link has-white-color has-cyan-bluish-gray-background-color has-text-color has-background\" href=\"https:\/\/xn--entreparenthses-5mb.com\/?page_id=3618\" style=\"border-radius:5px\">ATTICHES &#8211; \u00c9cole Jules Ferry<\/a><\/div>\n<\/div>\n\n\n\n<p>Attiches : Du 12 au 16 juin 2023 &#8211; Les tr\u00e9sors de Vend\u00e9e.<\/p>\n\n\n\n<div class=\"wp-block-buttons is-content-justification-center\">\n<div class=\"wp-block-button\"><a class=\"wp-block-button__link has-white-color has-cyan-bluish-gray-background-color has-text-color has-background\" href=\"https:\/\/xn--entreparenthses-5mb.com\/?page_id=3834\" style=\"border-radius:5px\">GONDECOURT &#8211; \u00c9cole Jacques Pr\u00e9vert<\/a><\/div>\n<\/div>\n\n\n\n<p>Gondecourt : 5 jours autour du Puy du Fou et des tr\u00e9sors de la Vend\u00e9e &#8211; Du 5 au 9 juin.<\/p>\n\n\n\n<div class=\"wp-block-buttons is-content-justification-center\">\n<div class=\"wp-block-button\"><a class=\"wp-block-button__link has-white-color has-cyan-bluish-gray-background-color has-text-color has-background\" href=\"https:\/\/xn--entreparenthses-5mb.com\/?page_id=3516\" style=\"border-radius:5px\">TEMPLEUVE &#8211; \u00c9cole Marie Navart<\/a><\/div>\n<\/div>\n\n\n\n<p>Templeuve : Le Val de Loire du 26 au 30 juin 2023.<\/p>\n\n\n\n<div class=\"wp-block-buttons is-content-justification-center\">\n<div class=\"wp-block-button\"><a class=\"wp-block-button__link has-white-color has-cyan-bluish-gray-background-color has-text-color has-background\" href=\"https:\/\/xn--entreparenthses-5mb.com\/?page_id=3524\" style=\"border-radius:5px\">LANDAS &#8211; \u00c9cole Jean Mac\u00e9<\/a><\/div>\n<\/div>\n\n\n\n<p>Landas : 3 jours nature dans les Ardennes Belges <\/p>\n\n\n\n<div class=\"wp-block-buttons is-content-justification-center\">\n<div class=\"wp-block-button\"><a class=\"wp-block-button__link has-white-color has-cyan-bluish-gray-background-color has-text-color has-background\" href=\"https:\/\/xn--entreparenthses-5mb.com\/?page_id=3630\" style=\"border-radius:5px\">WAHAGNIES &amp; TOURMIGNIES &#8211; \u00c9coles Jules Ferry &amp; Jean de La Fontaine<\/a><\/div>\n<\/div>\n\n\n\n<p>Tourmignies et Wahagnies : 3 jours sur la c\u00f4te d\u2019Op\u00e2le.<\/p>\n\n\n\n<div class=\"wp-block-buttons is-content-justification-center\">\n<div class=\"wp-block-button\"><a class=\"wp-block-button__link has-white-color has-cyan-bluish-gray-background-color has-text-color has-background\" href=\"https:\/\/xn--entreparenthses-5mb.com\/?page_id=3553\" style=\"border-radius:5px\">SECLIN &#8211; \u00c9cole de l\u2019Immacul\u00e9e Conception<\/a><\/div>\n<\/div>\n\n\n\n<p>Seclin : Voyage en Nord<\/p>\n\n\n\n<div class=\"wp-block-buttons is-content-justification-center\">\n<div class=\"wp-block-button\"><a class=\"wp-block-button__link has-white-color has-cyan-bluish-gray-background-color has-text-color has-background\" href=\"https:\/\/xn--entreparenthses-5mb.com\/?page_id=3677\" style=\"border-radius:5px\">SAINGHIN-EN-MELANTOIS &#8211; \u00c9cole Saint-Exup\u00e9ry <\/a><\/div>\n<\/div>\n\n\n\n<p>Sainghin : 5 jours en Vend\u00e9e<\/p>\n\n\n\n<div class=\"wp-block-buttons is-content-justification-center\">\n<div class=\"wp-block-button\"><a class=\"wp-block-button__link has-white-color has-cyan-bluish-gray-background-color has-text-color has-background\" href=\"https:\/\/xn--entreparenthses-5mb.com\/?page_id=3660\" style=\"border-radius:5px\">MONS-EN-P\u00c9V\u00c8LE &#8211; \u00c9cole publique<\/a><\/div>\n<\/div>\n\n\n\n<p>Mons-en-P\u00e9v\u00e8le : 3 classes de mer sur la c\u00f4te d\u2019Opale.<\/p>\n\n\n\n<div class=\"wp-block-buttons is-content-justification-center\">\n<div class=\"wp-block-button\"><a class=\"wp-block-button__link has-white-color has-cyan-bluish-gray-background-color has-text-color has-background\" href=\"https:\/\/xn--entreparenthses-5mb.com\/?page_id=3559\" style=\"border-radius:5px\">SAINT-AMAND-LES-EAUX &#8211; \u00e9cole Bracke Desrousseaux &#8211; PARIS<\/a><\/div>\n<\/div>\n\n\n\n<p>Saint-Amand : 3 jours \u00e0 la d\u00e9couverte de la capitale.<\/p>\n\n\n\n<div class=\"wp-block-buttons is-content-justification-center\">\n<div class=\"wp-block-button\"><a class=\"wp-block-button__link has-white-color has-cyan-bluish-gray-background-color has-text-color has-background\" href=\"https:\/\/xn--entreparenthses-5mb.com\/?page_id=3566\" style=\"border-radius:5px\">SAINT-AMAND-LES-EAUX &#8211; \u00e9cole Bracke Desrousseaux &#8211; DUNKERQUE<\/a><\/div>\n<\/div>\n\n\n\n<p>Saint-Amand : 3 jours sur la c\u00f4te d\u2019Opale. <\/p>\n\n\n\n<div class=\"wp-block-buttons is-content-justification-center\">\n<div class=\"wp-block-button\"><a class=\"wp-block-button__link has-white-color has-cyan-bluish-gray-background-color has-text-color has-background\" href=\"https:\/\/xn--entreparenthses-5mb.com\/?page_id=3573\" style=\"border-radius:5px\">SAINT-AMAND-LES-EAUX &#8211; \u00e9cole maternelle Bracke Desrousseaux &#8211; AMBLETEUSE<\/a><\/div>\n<\/div>\n\n\n\n<p>Saint-Amand Maternelles : 2 jours en classe de mer<\/p>\n\n\n\n<div class=\"wp-block-buttons is-content-justification-center\">\n<div class=\"wp-block-button\"><a class=\"wp-block-button__link has-white-color has-cyan-bluish-gray-background-color has-text-color has-background\" href=\"https:\/\/xn--entreparenthses-5mb.com\/?page_id=3579\" style=\"border-radius:5px\">CAMPHIN-EN-CAREMBAULT &#8211; \u00c9cole Jean-Mac\u00e9<\/a><\/div>\n<\/div>\n\n\n\n<p>Camphin : 3 jours entre Paris et Beauval.<\/p>\n\n\n\n<div class=\"wp-block-buttons is-content-justification-center\">\n<div class=\"wp-block-button\"><a class=\"wp-block-button__link has-white-color has-cyan-bluish-gray-background-color has-text-color has-background\" href=\"https:\/\/xn--entreparenthses-5mb.com\/?page_id=3584\" style=\"border-radius:5px\">SAINT-AMAND-LES-EAUX &#8211; \u00e9cole Bracke Desrousseaux &#8211; CALAIS<\/a><\/div>\n<\/div>\n\n\n\n<p>Saint-Amand : Classe de mer &#8211; 3 jours<\/p>\n\n\n\n<div class=\"wp-block-buttons is-content-justification-center\">\n<div class=\"wp-block-button\"><a class=\"wp-block-button__link has-white-color has-cyan-bluish-gray-background-color has-text-color has-background\" href=\"https:\/\/xn--entreparenthses-5mb.com\/?page_id=3589\" style=\"border-radius:5px\">BOUVINES &amp; GRUSON : \u00c9coles L\u00e9onard de Vinci et Louis Pasteur<\/a><\/div>\n<\/div>\n\n\n\n<p>Bouvines &#8211; Gruson : 3 jours sur la c\u00f4te d\u2019Opale.<\/p>\n\n\n\n<div class=\"wp-block-buttons is-content-justification-center\">\n<div class=\"wp-block-button\"><a class=\"wp-block-button__link has-white-color has-cyan-bluish-gray-background-color has-text-color has-background\" href=\"https:\/\/xn--entreparenthses-5mb.com\/?page_id=4772\" style=\"border-radius:6px\">TEMPLEMARS : Groupe scolaire Pasteur<\/a><\/div>\n<\/div>\n\n\n\n<p>Templemars : 5 jours \u00e0 la d\u00e9couverte de la Bourgogne.<\/p>\n\n\n\n<hr class=\"wp-block-separator\"\/>\n\n\n\n<div class=\"wp-block-buttons is-content-justification-center\">\n<div class=\"wp-block-button\"><a class=\"wp-block-button__link\" href=\"https:\/\/xn--entreparenthses-5mb.com\/?page_id=673\" style=\"border-radius:15px\">ASSOCIATION DES BIBLIOTH\u00c9CAIRES DE FRANCE<\/a><\/div>\n<\/div>\n\n\n\n<p>Cliquez sur l\u2019onglet pour t\u00e9l\u00e9charger le roadbook du s\u00e9jour en Normandie<\/p>\n\n\n\n<hr class=\"wp-block-separator\"\/>\n\n\n\n<p class=\"has-text-align-center\"><strong>2021\/2022<\/strong><\/p>\n\n\n\n<p class=\"has-text-align-center\"><strong>Le code d\u2019acc\u00e8s des s\u00e9jours scolaires vous a \u00e9t\u00e9 remis par l&#8217;\u00e9cole.<\/strong><\/p>\n\n\n\n<div class=\"wp-block-buttons is-content-justification-center\">\n<div class=\"wp-block-button\"><a class=\"wp-block-button__link\" href=\"https:\/\/xn--entreparenthses-5mb.com\/?page_id=553\" style=\"border-radius:15px\">CAPPELLE-EN-PEVELE &#8211;<em> Ecole Emilie Carles<\/em><\/a><\/div>\n<\/div>\n\n\n\n<p>S\u00e9jour en Normandie du 28 mars au 1er avril.<\/p>\n\n\n\n<div class=\"wp-block-buttons is-content-justification-center\">\n<div class=\"wp-block-button\"><a class=\"wp-block-button__link\" href=\"https:\/\/xn--entreparenthses-5mb.com\/?page_id=680\" style=\"border-radius:15px\">CAMPHIN-EN-CAREMBAULT &#8211;<em> Ecole Jean Mac\u00e9<\/em><\/a><\/div>\n<\/div>\n\n\n\n<p>Du 17 au 20 mai Les ch\u00e2teaux du Val de Loire.<\/p>\n\n\n\n<div class=\"wp-block-buttons is-content-justification-center\">\n<div class=\"wp-block-button\"><a class=\"wp-block-button__link\" href=\"https:\/\/xn--entreparenthses-5mb.com\/?page_id=578\" style=\"border-radius:15px\">PROVIN &#8211;<em> Ecole Notre Dame<\/em><\/a><\/div>\n<\/div>\n\n\n\n<p>Classe de Neige aux Carroz d\u2019Ar\u00e2ches. Ski en Haute-Savoie. 16 au 22 janvier.<\/p>\n\n\n\n<div class=\"wp-block-buttons is-content-justification-center\">\n<div class=\"wp-block-button\"><a class=\"wp-block-button__link\" href=\"https:\/\/xn--entreparenthses-5mb.com\/?page_id=687\" style=\"border-radius:15px\">ATTICHES &#8211; Ecole Jules Ferry<\/a><\/div>\n<\/div>\n\n\n\n<p>Du 9 au 13 mai en Val de Loire &#8211; Entre nature et ch\u00e2teaux.<\/p>\n\n\n\n<div class=\"wp-block-buttons is-content-justification-center\">\n<div class=\"wp-block-button\"><a class=\"wp-block-button__link\" href=\"https:\/\/xn--entreparenthses-5mb.com\/?page_id=653\" style=\"border-radius:15px\">MONS-EN-PEVELE &#8211;<em> Ecole Publique<\/em> CM1 &amp; CM2<\/a><\/div>\n<\/div>\n\n\n\n<p>Puy du Fou, ch\u00e2teaux et machines &#8211; Du 25 au 29 avril<\/p>\n\n\n\n<div class=\"wp-block-buttons is-content-justification-center\">\n<div class=\"wp-block-button\"><a class=\"wp-block-button__link\" href=\"https:\/\/xn--entreparenthses-5mb.com\/?page_id=660\" style=\"border-radius:15px\">MONS-EN-PEVELE &#8211;<em> Ecole Pub<\/em>lique CP &amp; CE1<\/a><\/div>\n<\/div>\n\n\n\n<p>S\u00e9jour en Nord &#8211; Du 30 mai au 1er juin sur la C\u00f4te d\u2019Opale.<\/p>\n\n\n\n<div class=\"wp-block-buttons is-content-justification-center\">\n<div class=\"wp-block-button\"><a class=\"wp-block-button__link\" href=\"https:\/\/xn--entreparenthses-5mb.com\/?page_id=595\" style=\"border-radius:15px\">LANDAS &#8211; Ecole Jean Mac\u00e9 GS-CP-CE1<\/a><\/div>\n<\/div>\n\n\n\n<p>S\u00e9jour sur la C\u00f4te d\u2019Opale &#8211; Les 23 et 24 juin <\/p>\n\n\n\n<div class=\"wp-block-buttons is-content-justification-center\">\n<div class=\"wp-block-button\"><a class=\"wp-block-button__link\" href=\"https:\/\/xn--entreparenthses-5mb.com\/?page_id=605\" style=\"border-radius:15px\">LANDAS &#8211; Ecole Jean Mac\u00e9 CE2-CM1-CM2<\/a><\/div>\n<\/div>\n\n\n\n<p>Le Val de Loire du 23 au 25 mars 2022<\/p>\n\n\n\n<div class=\"wp-block-buttons is-content-justification-center\">\n<div class=\"wp-block-button\"><a class=\"wp-block-button__link\" href=\"https:\/\/xn--entreparenthses-5mb.com\/?page_id=629\" style=\"border-radius:15px\">AVELIN &#8211; Alphonse Daudet CM1 CM2<\/a><\/div>\n<\/div>\n\n\n\n<p>2 jours \u00e0 la d\u00e9couverte de Paris &#8211; 23 et 24 mai 2022<\/p>\n\n\n\n<div class=\"wp-block-buttons is-content-justification-center\">\n<div class=\"wp-block-button\"><a class=\"wp-block-button__link\" href=\"https:\/\/xn--entreparenthses-5mb.com\/?page_id=718\" style=\"border-radius:15px\">TEMPLEUVE &#8211; Saint Martin CE2 CM1 CM2<\/a><\/div>\n<\/div>\n\n\n\n<p>4 jours sur la c\u00f4te d\u2019Opale \u00e0 la d\u00e9couverte du cycle de l\u2019eau. Du 13 au 16 juin 2022<\/p>\n\n\n\n<div class=\"wp-block-buttons is-content-justification-center\">\n<div class=\"wp-block-button\"><a class=\"wp-block-button__link\" href=\"https:\/\/xn--entreparenthses-5mb.com\/?page_id=728\" style=\"border-radius:15px\">SAINGHIN-EN-MELANTOIS &#8211; Saint Exup\u00e9ry CE2 CM1 CM2<\/a><\/div>\n<\/div>\n\n\n\n<p>Le Val de Loire du 27 juin au 1er juillet 2022<\/p>\n\n\n\n<div class=\"wp-block-buttons is-content-justification-center\">\n<div class=\"wp-block-button\"><a class=\"wp-block-button__link\" href=\"https:\/\/xn--entreparenthses-5mb.com\/?page_id=736\" style=\"border-radius:15px\">BERS\u00c9E &#8211; Sainte Th\u00e9r\u00e8se CE1 CE2 CM1 CM2<\/a><\/div>\n<\/div>\n\n\n\n<p>3 jours pour d\u00e9couvrir les tr\u00e9sors de la Baie de Somme &#8211; 4 au 6 mai 2022<\/p>\n\n\n\n<div class=\"wp-block-buttons is-content-justification-center\">\n<div class=\"wp-block-button\"><a class=\"wp-block-button__link\" href=\"https:\/\/xn--entreparenthses-5mb.com\/?page_id=1452\" style=\"border-radius:15px\">TEMPLEMARS &#8211; Groupe scolaire Pasteur CM1 CM2 <\/a><\/div>\n<\/div>\n\n\n\n<p>5 jours en Loire-Atlantique &#8211; Du 20 au 24 juin 2022 &#8211; Terre d\u2019Estuaire &#8211; Nantes et sa r\u00e9gion.<\/p>\n\n\n\n<div class=\"wp-block-buttons is-content-justification-center\">\n<div class=\"wp-block-button\"><a class=\"wp-block-button__link\" href=\"https:\/\/xn--entreparenthses-5mb.com\/?page_id=1915\" style=\"border-radius:15px\">NOMAIN &#8211; Saint Martin CE1 CE2 CM1 CM2<\/a><\/div>\n<\/div>\n\n\n\n<p>4 jours de d\u00e9couvertes en pays de Caux &#8211; Du 8 au 10 juin 2022<\/p>\n\n\n\n<div class=\"wp-block-buttons is-content-justification-center\">\n<div class=\"wp-block-button\"><a class=\"wp-block-button__link\" href=\"https:\/\/xn--entreparenthses-5mb.com\/?page_id=2226\" style=\"border-radius:15px\">BERS\u00c9E &#8211; \u00c9cole des 2 Tilleuls<\/a><\/div>\n<\/div>\n\n\n\n<p>1 journ\u00e9e \u00e0 Paris &#8211; Le 17 juin 2022<\/p>\n\n\n\n<div style=\"height:100px\" aria-hidden=\"true\" class=\"wp-block-spacer\"><\/div>\n\n\n\n<div class=\"wp-block-buttons is-content-justification-center\">\n<div class=\"wp-block-button is-style-fill\"><a class=\"wp-block-button__link has-vivid-red-background-color has-background no-border-radius\" href=\"https:\/\/xn--entreparenthses-5mb.com\/?page_id=41\"><em><strong>Les s\u00e9jours 2019\/2020<\/strong><\/em><\/a><\/div>\n<\/div>\n\n\n\n<p><\/p>\n\n\n\n<p><\/p>\n\n\n\n<p><\/p>\n\n\n\n<p><\/p>\n","protected":false},"excerpt":{"rendered":"<p>Vous trouverez sur cette page les diff\u00e9rents liens qui vous permettront de t\u00e9l\u00e9charger les fichiers d\u2019informations et de suivre les s\u00e9jours que nous organisons. Le code d\u2019acc\u00e8s des s\u00e9jours scolaires vous a \u00e9t\u00e9 remis par l&#8217;\u00e9cole. 2022\/2023 Voici le lien qui vous permettra d\u2019\u00eatre inform\u00e9 de l\u2019heure pr\u00e9cise de nos retours pour les voyages \u00e0 [&hellip;]<\/p>\n","protected":false},"author":1,"featured_media":0,"parent":0,"menu_order":0,"comment_status":"closed","ping_status":"closed","template":"","meta":[],"_links":{"self":[{"href":"https:\/\/xn--entreparenthses-5mb.com\/index.php?rest_route=\/wp\/v2\/pages\/381"}],"collection":[{"href":"https:\/\/xn--entreparenthses-5mb.com\/index.php?rest_route=\/wp\/v2\/pages"}],"about":[{"href":"https:\/\/xn--entreparenthses-5mb.com\/index.php?rest_route=\/wp\/v2\/types\/page"}],"author":[{"embeddable":true,"href":"https:\/\/xn--entreparenthses-5mb.com\/index.php?rest_route=\/wp\/v2\/users\/1"}],"replies":[{"embeddable":true,"href":"https:\/\/xn--entreparenthses-5mb.com\/index.php?rest_route=%2Fwp%2Fv2%2Fcomments&post=381"}],"version-history":[{"count":66,"href":"https:\/\/xn--entreparenthses-5mb.com\/index.php?rest_route=\/wp\/v2\/pages\/381\/revisions"}],"predecessor-version":[{"id":5993,"href":"https:\/\/xn--entreparenthses-5mb.com\/index.php?rest_route=\/wp\/v2\/pages\/381\/revisions\/5993"}],"wp:attachment":[{"href":"https:\/\/xn--entreparenthses-5mb.com\/index.php?rest_route=%2Fwp%2Fv2%2Fmedia&parent=381"}],"curies":[{"name":"wp","href":"https:\/\/api.w.org\/{rel}","templated":true}]}}