{"id":372,"date":"2021-01-04T16:00:58","date_gmt":"2021-01-04T15:00:58","guid":{"rendered":"http:\/\/xn--entreparenthses-5mb.com\/?page_id=372"},"modified":"2021-01-20T12:34:11","modified_gmt":"2021-01-20T11:34:11","slug":"les-presentations-de-sejours","status":"publish","type":"page","link":"https:\/\/xn--entreparenthses-5mb.com\/?page_id=372","title":{"rendered":"Les pr\u00e9sentations de s\u00e9jours"},"content":{"rendered":"\n<p><strong>Vous trouverez sur cette page la pr\u00e9sentation du s\u00e9jour de vos enfants. <\/strong><\/p>\n\n\n\n<p>Pour des raisons sanitaires \u00e9videntes, nos ne pouvons plus nous d\u00e9placer sur les diff\u00e9rentes \u00e9coles pour vous pr\u00e9senter les s\u00e9jours. Nous avons donc mis en ligne des vid\u00e9os qui vous pr\u00e9sentent ces voyages.<\/p>\n\n\n\n<p><strong>Cliquez sur l&#8217;onglet correspondant \u00e0 votre \u00e9cole pour visionner la pr\u00e9sentation.<\/strong> Un code fourni par l&#8217;\u00e9cole, vous permettra d&#8217;acc\u00e9der \u00e0 la vid\u00e9o.<\/p>\n\n\n\n<p>Vous y trouverez \u00e9galement l&#8217;ensemble des documents necessaires t\u00e9l\u00e9chargeable en format num\u00e9rique.<\/p>\n\n\n\n<div class=\"wp-block-buttons aligncenter\">\n<div class=\"wp-block-button\"><a class=\"wp-block-button__link\" href=\"https:\/\/xn--entreparenthses-5mb.com\/?page_id=76\" style=\"border-radius:15px\">Ecole Louise Dematte &#8211; Saint Amand les Eaux<\/a><\/div>\n<\/div>\n\n\n\n<div class=\"wp-block-buttons aligncenter\">\n<div class=\"wp-block-button\"><a class=\"wp-block-button__link\" href=\"https:\/\/xn--entreparenthses-5mb.com\/?page_id=443\" style=\"border-radius:14px\">Ecole Jules Ferry &#8211; Attiches<\/a><\/div>\n<\/div>\n\n\n\n<p><\/p>\n","protected":false},"excerpt":{"rendered":"<p>Vous trouverez sur cette page la pr\u00e9sentation du s\u00e9jour de vos enfants. Pour des raisons sanitaires \u00e9videntes, nos ne pouvons plus nous d\u00e9placer sur les diff\u00e9rentes \u00e9coles pour vous pr\u00e9senter les s\u00e9jours. Nous avons donc mis en ligne des vid\u00e9os qui vous pr\u00e9sentent ces voyages. Cliquez sur l&#8217;onglet correspondant \u00e0 votre \u00e9cole pour visionner la [&hellip;]<\/p>\n","protected":false},"author":1,"featured_media":0,"parent":0,"menu_order":0,"comment_status":"closed","ping_status":"closed","template":"","meta":[],"_links":{"self":[{"href":"https:\/\/xn--entreparenthses-5mb.com\/index.php?rest_route=\/wp\/v2\/pages\/372"}],"collection":[{"href":"https:\/\/xn--entreparenthses-5mb.com\/index.php?rest_route=\/wp\/v2\/pages"}],"about":[{"href":"https:\/\/xn--entreparenthses-5mb.com\/index.php?rest_route=\/wp\/v2\/types\/page"}],"author":[{"embeddable":true,"href":"https:\/\/xn--entreparenthses-5mb.com\/index.php?rest_route=\/wp\/v2\/users\/1"}],"replies":[{"embeddable":true,"href":"https:\/\/xn--entreparenthses-5mb.com\/index.php?rest_route=%2Fwp%2Fv2%2Fcomments&post=372"}],"version-history":[{"count":7,"href":"https:\/\/xn--entreparenthses-5mb.com\/index.php?rest_route=\/wp\/v2\/pages\/372\/revisions"}],"predecessor-version":[{"id":461,"href":"https:\/\/xn--entreparenthses-5mb.com\/index.php?rest_route=\/wp\/v2\/pages\/372\/revisions\/461"}],"wp:attachment":[{"href":"https:\/\/xn--entreparenthses-5mb.com\/index.php?rest_route=%2Fwp%2Fv2%2Fmedia&parent=372"}],"curies":[{"name":"wp","href":"https:\/\/api.w.org\/{rel}","templated":true}]}}