{"id":3674,"date":"2023-01-26T09:26:36","date_gmt":"2023-01-26T08:26:36","guid":{"rendered":"https:\/\/xn--entreparenthses-5mb.com\/?page_id=3674"},"modified":"2024-10-08T13:11:03","modified_gmt":"2024-10-08T11:11:03","slug":"vendee-saint-exupery-sainghin-en-melantois","status":"publish","type":"page","link":"https:\/\/xn--entreparenthses-5mb.com\/?page_id=3674","title":{"rendered":"Vend\u00e9e Saint-Exup\u00e9ry &#8211; Sainghin-en-M\u00e9lantois"},"content":{"rendered":"","protected":true},"excerpt":{"rendered":"","protected":true},"author":1,"featured_media":0,"parent":0,"menu_order":0,"comment_status":"closed","ping_status":"closed","template":"","meta":[],"_links":{"self":[{"href":"https:\/\/xn--entreparenthses-5mb.com\/index.php?rest_route=\/wp\/v2\/pages\/3674"}],"collection":[{"href":"https:\/\/xn--entreparenthses-5mb.com\/index.php?rest_route=\/wp\/v2\/pages"}],"about":[{"href":"https:\/\/xn--entreparenthses-5mb.com\/index.php?rest_route=\/wp\/v2\/types\/page"}],"author":[{"embeddable":true,"href":"https:\/\/xn--entreparenthses-5mb.com\/index.php?rest_route=\/wp\/v2\/users\/1"}],"replies":[{"embeddable":true,"href":"https:\/\/xn--entreparenthses-5mb.com\/index.php?rest_route=%2Fwp%2Fv2%2Fcomments&post=3674"}],"version-history":[{"count":52,"href":"https:\/\/xn--entreparenthses-5mb.com\/index.php?rest_route=\/wp\/v2\/pages\/3674\/revisions"}],"predecessor-version":[{"id":12869,"href":"https:\/\/xn--entreparenthses-5mb.com\/index.php?rest_route=\/wp\/v2\/pages\/3674\/revisions\/12869"}],"wp:attachment":[{"href":"https:\/\/xn--entreparenthses-5mb.com\/index.php?rest_route=%2Fwp%2Fv2%2Fmedia&parent=3674"}],"curies":[{"name":"wp","href":"https:\/\/api.w.org\/{rel}","templated":true}]}}