{"id":3660,"date":"2023-01-19T11:17:51","date_gmt":"2023-01-19T10:17:51","guid":{"rendered":"https:\/\/xn--entreparenthses-5mb.com\/?page_id=3660"},"modified":"2023-01-19T14:33:51","modified_gmt":"2023-01-19T13:33:51","slug":"2023-littoral-mons-en-pevele","status":"publish","type":"page","link":"https:\/\/xn--entreparenthses-5mb.com\/?page_id=3660","title":{"rendered":"2023 &#8211; Littoral &#8211; Mons-en-P\u00e9v\u00e8le"},"content":{"rendered":"\n<p>Vous trouverez sur cette page les informations et documents concernant l\u2019organisation du s\u00e9jour sur la c\u00f4te d\u2019Opale.<\/p>\n\n\n\n<p>Cliquez sur les dossiers pour les t\u00e9l\u00e9charger ou appuyer sur le bouton \u00ab&nbsp;suivre le s\u00e9jour&nbsp;\u00bb pour suivre les aventures de vos enfants en continue.<\/p>\n\n\n\n<figure class=\"wp-block-image size-large\"><img loading=\"lazy\" width=\"1024\" height=\"542\" src=\"https:\/\/xn--entreparenthses-5mb.com\/wp-content\/uploads\/2022\/12\/F75E26FE-4E44-471D-96C3-D5C97DB695C1-1024x542.jpeg\" alt=\"\" class=\"wp-image-3567\" srcset=\"https:\/\/xn--entreparenthses-5mb.com\/wp-content\/uploads\/2022\/12\/F75E26FE-4E44-471D-96C3-D5C97DB695C1-1024x542.jpeg 1024w, https:\/\/xn--entreparenthses-5mb.com\/wp-content\/uploads\/2022\/12\/F75E26FE-4E44-471D-96C3-D5C97DB695C1-300x159.jpeg 300w, https:\/\/xn--entreparenthses-5mb.com\/wp-content\/uploads\/2022\/12\/F75E26FE-4E44-471D-96C3-D5C97DB695C1-768x406.jpeg 768w, https:\/\/xn--entreparenthses-5mb.com\/wp-content\/uploads\/2022\/12\/F75E26FE-4E44-471D-96C3-D5C97DB695C1-830x439.jpeg 830w, https:\/\/xn--entreparenthses-5mb.com\/wp-content\/uploads\/2022\/12\/F75E26FE-4E44-471D-96C3-D5C97DB695C1-230x122.jpeg 230w, https:\/\/xn--entreparenthses-5mb.com\/wp-content\/uploads\/2022\/12\/F75E26FE-4E44-471D-96C3-D5C97DB695C1-350x185.jpeg 350w, https:\/\/xn--entreparenthses-5mb.com\/wp-content\/uploads\/2022\/12\/F75E26FE-4E44-471D-96C3-D5C97DB695C1-480x254.jpeg 480w, https:\/\/xn--entreparenthses-5mb.com\/wp-content\/uploads\/2022\/12\/F75E26FE-4E44-471D-96C3-D5C97DB695C1.jpeg 1280w\" sizes=\"(max-width: 1024px) 100vw, 1024px\" \/><\/figure>\n\n\n\n<div class=\"wp-block-buttons is-content-justification-center\">\n<div class=\"wp-block-button\"><a class=\"wp-block-button__link has-vivid-red-color has-black-background-color has-text-color has-background\" href=\"https:\/\/xn--entreparenthses-5mb.com\/?page_id=3658\" style=\"border-radius:5px\">SUIVRE LE S\u00c9JOUR<\/a><\/div>\n<\/div>\n\n\n\n<hr class=\"wp-block-separator\"\/>\n\n\n\n<p>Voici le lien pour le dossier famille <\/p>\n\n\n\n<div class=\"wp-block-file\"><a href=\"https:\/\/xn--entreparenthses-5mb.com\/wp-content\/uploads\/2023\/01\/Dossier-famille-MEP-GS-CP-site.pdf\">Dossier-famille-MEP-GS-CP-site<\/a><a href=\"https:\/\/xn--entreparenthses-5mb.com\/wp-content\/uploads\/2023\/01\/Dossier-famille-MEP-GS-CP-site.pdf\" class=\"wp-block-file__button\" download>T\u00e9l\u00e9charger<\/a><\/div>\n\n\n\n<div class=\"wp-block-file\"><a href=\"https:\/\/xn--entreparenthses-5mb.com\/wp-content\/uploads\/2023\/01\/Dossier-famille-MEP-CE1-CE2-site.pdf\">Dossier-famille-MEP-CE1-CE2-site<\/a><a href=\"https:\/\/xn--entreparenthses-5mb.com\/wp-content\/uploads\/2023\/01\/Dossier-famille-MEP-CE1-CE2-site.pdf\" class=\"wp-block-file__button\" download>T\u00e9l\u00e9charger<\/a><\/div>\n\n\n\n<div class=\"wp-block-file\"><a href=\"https:\/\/xn--entreparenthses-5mb.com\/wp-content\/uploads\/2023\/01\/Dossier-famille-MEP-CM1-CM2-site.pdf\">Dossier-famille-MEP-CM1-CM2-site<\/a><a href=\"https:\/\/xn--entreparenthses-5mb.com\/wp-content\/uploads\/2023\/01\/Dossier-famille-MEP-CM1-CM2-site.pdf\" class=\"wp-block-file__button\" download>T\u00e9l\u00e9charger<\/a><\/div>\n\n\n\n<hr class=\"wp-block-separator\"\/>\n\n\n\n<p>Voici le lien pour la pr\u00e9sentation famille effectu\u00e9e le vendredi 20 janvier \u00e0 l&#8217;\u00e9cole. <\/p>\n\n\n\n<div class=\"wp-block-file\"><a href=\"https:\/\/xn--entreparenthses-5mb.com\/wp-content\/uploads\/2023\/01\/MONSENPEVELE-SITE.pdf\">MONSENPEVELE-SITE<\/a><a href=\"https:\/\/xn--entreparenthses-5mb.com\/wp-content\/uploads\/2023\/01\/MONSENPEVELE-SITE.pdf\" class=\"wp-block-file__button\" download>T\u00e9l\u00e9charger<\/a><\/div>\n","protected":false},"excerpt":{"rendered":"<p>Vous trouverez sur cette page les informations et documents concernant l\u2019organisation du s\u00e9jour sur la c\u00f4te d\u2019Opale. Cliquez sur les dossiers pour les t\u00e9l\u00e9charger ou appuyer sur le bouton \u00ab&nbsp;suivre le s\u00e9jour&nbsp;\u00bb pour suivre les aventures de vos enfants en continue. Voici le lien pour le dossier famille Voici le lien pour la pr\u00e9sentation famille [&hellip;]<\/p>\n","protected":false},"author":1,"featured_media":0,"parent":0,"menu_order":0,"comment_status":"closed","ping_status":"closed","template":"","meta":[],"_links":{"self":[{"href":"https:\/\/xn--entreparenthses-5mb.com\/index.php?rest_route=\/wp\/v2\/pages\/3660"}],"collection":[{"href":"https:\/\/xn--entreparenthses-5mb.com\/index.php?rest_route=\/wp\/v2\/pages"}],"about":[{"href":"https:\/\/xn--entreparenthses-5mb.com\/index.php?rest_route=\/wp\/v2\/types\/page"}],"author":[{"embeddable":true,"href":"https:\/\/xn--entreparenthses-5mb.com\/index.php?rest_route=\/wp\/v2\/users\/1"}],"replies":[{"embeddable":true,"href":"https:\/\/xn--entreparenthses-5mb.com\/index.php?rest_route=%2Fwp%2Fv2%2Fcomments&post=3660"}],"version-history":[{"count":4,"href":"https:\/\/xn--entreparenthses-5mb.com\/index.php?rest_route=\/wp\/v2\/pages\/3660\/revisions"}],"predecessor-version":[{"id":3673,"href":"https:\/\/xn--entreparenthses-5mb.com\/index.php?rest_route=\/wp\/v2\/pages\/3660\/revisions\/3673"}],"wp:attachment":[{"href":"https:\/\/xn--entreparenthses-5mb.com\/index.php?rest_route=%2Fwp%2Fv2%2Fmedia&parent=3660"}],"curies":[{"name":"wp","href":"https:\/\/api.w.org\/{rel}","templated":true}]}}