{"id":3589,"date":"2022-12-06T13:15:20","date_gmt":"2022-12-06T12:15:20","guid":{"rendered":"https:\/\/xn--entreparenthses-5mb.com\/?page_id=3589"},"modified":"2023-02-09T12:25:57","modified_gmt":"2023-02-09T11:25:57","slug":"2023-bouvines-gruson-sur-la-cote","status":"publish","type":"page","link":"https:\/\/xn--entreparenthses-5mb.com\/?page_id=3589","title":{"rendered":"2023 &#8211; Bouvines &#038; Gruson sur la c\u00f4te."},"content":{"rendered":"\n<p>Vous trouverez sur cette page tous les documents et informations concernant l\u2019organisation du s\u00e9jour.<br>Cliquez sur les dossiers pour les t\u00e9l\u00e9charger ou appuyez sur le bouton \u00ab&nbsp;suivre le s\u00e9jour&nbsp;\u00bb pour suivre les aventures de vos enfants en continue.<\/p>\n\n\n\n<figure class=\"wp-block-image size-large\"><img loading=\"lazy\" width=\"1024\" height=\"596\" src=\"https:\/\/xn--entreparenthses-5mb.com\/wp-content\/uploads\/2022\/11\/68642BAF-0CCC-4DBE-B43D-02AD6B0F7674-1024x596.jpeg\" alt=\"\" class=\"wp-image-3484\" srcset=\"https:\/\/xn--entreparenthses-5mb.com\/wp-content\/uploads\/2022\/11\/68642BAF-0CCC-4DBE-B43D-02AD6B0F7674-1024x596.jpeg 1024w, https:\/\/xn--entreparenthses-5mb.com\/wp-content\/uploads\/2022\/11\/68642BAF-0CCC-4DBE-B43D-02AD6B0F7674-300x175.jpeg 300w, https:\/\/xn--entreparenthses-5mb.com\/wp-content\/uploads\/2022\/11\/68642BAF-0CCC-4DBE-B43D-02AD6B0F7674-768x447.jpeg 768w, https:\/\/xn--entreparenthses-5mb.com\/wp-content\/uploads\/2022\/11\/68642BAF-0CCC-4DBE-B43D-02AD6B0F7674-1536x894.jpeg 1536w, https:\/\/xn--entreparenthses-5mb.com\/wp-content\/uploads\/2022\/11\/68642BAF-0CCC-4DBE-B43D-02AD6B0F7674-2048x1192.jpeg 2048w, https:\/\/xn--entreparenthses-5mb.com\/wp-content\/uploads\/2022\/11\/68642BAF-0CCC-4DBE-B43D-02AD6B0F7674-830x483.jpeg 830w, https:\/\/xn--entreparenthses-5mb.com\/wp-content\/uploads\/2022\/11\/68642BAF-0CCC-4DBE-B43D-02AD6B0F7674-230x134.jpeg 230w, https:\/\/xn--entreparenthses-5mb.com\/wp-content\/uploads\/2022\/11\/68642BAF-0CCC-4DBE-B43D-02AD6B0F7674-350x204.jpeg 350w, https:\/\/xn--entreparenthses-5mb.com\/wp-content\/uploads\/2022\/11\/68642BAF-0CCC-4DBE-B43D-02AD6B0F7674-480x279.jpeg 480w\" sizes=\"(max-width: 1024px) 100vw, 1024px\" \/><\/figure>\n\n\n\n<div class=\"wp-block-buttons is-content-justification-center\">\n<div class=\"wp-block-button\"><a class=\"wp-block-button__link has-vivid-red-color has-black-background-color has-text-color has-background\" href=\"https:\/\/xn--entreparenthses-5mb.com\/?page_id=3587\" style=\"border-radius:5px\">SUIVRE LE S\u00c9JOUR<\/a><\/div>\n<\/div>\n\n\n\n<hr class=\"wp-block-separator\"\/>\n\n\n\n<p>Voici le dossier d\u2019informations t\u00e9l\u00e9chargeable en un clic :<\/p>\n\n\n\n<p>Le dossier famille de l&#8217;\u00e9cole Louis Pasteur de Gruson<\/p>\n\n\n\n<div class=\"wp-block-file\"><a href=\"https:\/\/xn--entreparenthses-5mb.com\/wp-content\/uploads\/2023\/02\/Dossier-famille-Gruson-site.pdf\">Dossier-famille-Gruson-site<\/a><a href=\"https:\/\/xn--entreparenthses-5mb.com\/wp-content\/uploads\/2023\/02\/Dossier-famille-Gruson-site.pdf\" class=\"wp-block-file__button\" download>T\u00e9l\u00e9charger<\/a><\/div>\n\n\n\n<p>Le dossier famille de l&#8217;\u00e9cole L\u00e9onard de Vinci de Gruson<\/p>\n\n\n\n<div class=\"wp-block-file\"><a href=\"https:\/\/xn--entreparenthses-5mb.com\/wp-content\/uploads\/2023\/02\/Dossier-famille-Bouvines-site.pdf\">Dossier-famille-Bouvines-site<\/a><a href=\"https:\/\/xn--entreparenthses-5mb.com\/wp-content\/uploads\/2023\/02\/Dossier-famille-Bouvines-site.pdf\" class=\"wp-block-file__button\" download>T\u00e9l\u00e9charger<\/a><\/div>\n\n\n\n<hr class=\"wp-block-separator\"\/>\n\n\n\n<p>Voici la pr\u00e9sentation effectu\u00e9e le jeudi 9 f\u00e9vrier \u00e0 l&#8217;\u00e9cole. <\/p>\n\n\n\n<div class=\"wp-block-file\"><a href=\"https:\/\/xn--entreparenthses-5mb.com\/wp-content\/uploads\/2023\/02\/Dossier-famille-Bouvines-site-1.pdf\">Dossier-famille-Bouvines-site-1<\/a><a href=\"https:\/\/xn--entreparenthses-5mb.com\/wp-content\/uploads\/2023\/02\/Dossier-famille-Bouvines-site-1.pdf\" class=\"wp-block-file__button\" download>T\u00e9l\u00e9charger<\/a><\/div>\n","protected":false},"excerpt":{"rendered":"<p>Vous trouverez sur cette page tous les documents et informations concernant l\u2019organisation du s\u00e9jour.Cliquez sur les dossiers pour les t\u00e9l\u00e9charger ou appuyez sur le bouton \u00ab&nbsp;suivre le s\u00e9jour&nbsp;\u00bb pour suivre les aventures de vos enfants en continue. Voici le dossier d\u2019informations t\u00e9l\u00e9chargeable en un clic : Le dossier famille de l&#8217;\u00e9cole Louis Pasteur de Gruson [&hellip;]<\/p>\n","protected":false},"author":1,"featured_media":0,"parent":0,"menu_order":0,"comment_status":"closed","ping_status":"closed","template":"","meta":[],"_links":{"self":[{"href":"https:\/\/xn--entreparenthses-5mb.com\/index.php?rest_route=\/wp\/v2\/pages\/3589"}],"collection":[{"href":"https:\/\/xn--entreparenthses-5mb.com\/index.php?rest_route=\/wp\/v2\/pages"}],"about":[{"href":"https:\/\/xn--entreparenthses-5mb.com\/index.php?rest_route=\/wp\/v2\/types\/page"}],"author":[{"embeddable":true,"href":"https:\/\/xn--entreparenthses-5mb.com\/index.php?rest_route=\/wp\/v2\/users\/1"}],"replies":[{"embeddable":true,"href":"https:\/\/xn--entreparenthses-5mb.com\/index.php?rest_route=%2Fwp%2Fv2%2Fcomments&post=3589"}],"version-history":[{"count":4,"href":"https:\/\/xn--entreparenthses-5mb.com\/index.php?rest_route=\/wp\/v2\/pages\/3589\/revisions"}],"predecessor-version":[{"id":3695,"href":"https:\/\/xn--entreparenthses-5mb.com\/index.php?rest_route=\/wp\/v2\/pages\/3589\/revisions\/3695"}],"wp:attachment":[{"href":"https:\/\/xn--entreparenthses-5mb.com\/index.php?rest_route=%2Fwp%2Fv2%2Fmedia&parent=3589"}],"curies":[{"name":"wp","href":"https:\/\/api.w.org\/{rel}","templated":true}]}}