{"id":3573,"date":"2022-12-06T12:52:13","date_gmt":"2022-12-06T11:52:13","guid":{"rendered":"https:\/\/xn--entreparenthses-5mb.com\/?page_id=3573"},"modified":"2023-01-17T12:31:44","modified_gmt":"2023-01-17T11:31:44","slug":"2023-cote-dopale-saint-amand-mater","status":"publish","type":"page","link":"https:\/\/xn--entreparenthses-5mb.com\/?page_id=3573","title":{"rendered":"2023 &#8211; Cote d\u2019Opale &#8211; Saint-Amand Mater\u2019"},"content":{"rendered":"\n<p>Vous trouverez sur cette page tous les documents et informations concernant l\u2019organisation du s\u00e9jour sur la c\u00f4te d\u2019Opale.<br>Cliquez sur les dossiers pour les t\u00e9l\u00e9charger ou appuyez sur le bouton \u00ab&nbsp;suivre le s\u00e9jour&nbsp;\u00bb pour suivre les aventures de vos enfants en continue.<\/p>\n\n\n\n<div class=\"wp-block-buttons is-content-justification-center\">\n<div class=\"wp-block-button\"><a class=\"wp-block-button__link has-vivid-red-color has-black-background-color has-text-color has-background\" href=\"https:\/\/xn--entreparenthses-5mb.com\/?page_id=3570\" style=\"border-radius:5px\">SUIVRE LE S\u00c9JOUR<\/a><\/div>\n<\/div>\n\n\n\n<hr class=\"wp-block-separator\"\/>\n\n\n\n<p>Voici le dossier d\u2019informations t\u00e9l\u00e9chargeable en un clic :<\/p>\n\n\n\n<div class=\"wp-block-file\"><a href=\"https:\/\/xn--entreparenthses-5mb.com\/wp-content\/uploads\/2023\/01\/Dossier-famille-St-Amand-Mater-site.pdf\">Dossier-famille-St-Amand-Mater-site<\/a><a href=\"https:\/\/xn--entreparenthses-5mb.com\/wp-content\/uploads\/2023\/01\/Dossier-famille-St-Amand-Mater-site.pdf\" class=\"wp-block-file__button\" download>T\u00e9l\u00e9charger<\/a><\/div>\n\n\n\n<hr class=\"wp-block-separator\"\/>\n\n\n\n<p>Voici la pr\u00e9sentation famille effectu\u00e9e \u00e0 l&#8217;\u00e9cole le jeudi 19 janvier. <\/p>\n\n\n\n<div class=\"wp-block-file\"><a href=\"https:\/\/xn--entreparenthses-5mb.com\/wp-content\/uploads\/2023\/01\/SAINT-AMAND-MER-MATER-MARS.pdf\">SAINT-AMAND-MER-MATER-MARS<\/a><a href=\"https:\/\/xn--entreparenthses-5mb.com\/wp-content\/uploads\/2023\/01\/SAINT-AMAND-MER-MATER-MARS.pdf\" class=\"wp-block-file__button\" download>T\u00e9l\u00e9charger<\/a><\/div>\n","protected":false},"excerpt":{"rendered":"<p>Vous trouverez sur cette page tous les documents et informations concernant l\u2019organisation du s\u00e9jour sur la c\u00f4te d\u2019Opale.Cliquez sur les dossiers pour les t\u00e9l\u00e9charger ou appuyez sur le bouton \u00ab&nbsp;suivre le s\u00e9jour&nbsp;\u00bb pour suivre les aventures de vos enfants en continue. Voici le dossier d\u2019informations t\u00e9l\u00e9chargeable en un clic : Voici la pr\u00e9sentation famille effectu\u00e9e [&hellip;]<\/p>\n","protected":false},"author":1,"featured_media":0,"parent":0,"menu_order":0,"comment_status":"closed","ping_status":"closed","template":"","meta":[],"_links":{"self":[{"href":"https:\/\/xn--entreparenthses-5mb.com\/index.php?rest_route=\/wp\/v2\/pages\/3573"}],"collection":[{"href":"https:\/\/xn--entreparenthses-5mb.com\/index.php?rest_route=\/wp\/v2\/pages"}],"about":[{"href":"https:\/\/xn--entreparenthses-5mb.com\/index.php?rest_route=\/wp\/v2\/types\/page"}],"author":[{"embeddable":true,"href":"https:\/\/xn--entreparenthses-5mb.com\/index.php?rest_route=\/wp\/v2\/users\/1"}],"replies":[{"embeddable":true,"href":"https:\/\/xn--entreparenthses-5mb.com\/index.php?rest_route=%2Fwp%2Fv2%2Fcomments&post=3573"}],"version-history":[{"count":4,"href":"https:\/\/xn--entreparenthses-5mb.com\/index.php?rest_route=\/wp\/v2\/pages\/3573\/revisions"}],"predecessor-version":[{"id":3656,"href":"https:\/\/xn--entreparenthses-5mb.com\/index.php?rest_route=\/wp\/v2\/pages\/3573\/revisions\/3656"}],"wp:attachment":[{"href":"https:\/\/xn--entreparenthses-5mb.com\/index.php?rest_route=%2Fwp%2Fv2%2Fmedia&parent=3573"}],"curies":[{"name":"wp","href":"https:\/\/api.w.org\/{rel}","templated":true}]}}