{"id":3566,"date":"2022-12-06T12:44:29","date_gmt":"2022-12-06T11:44:29","guid":{"rendered":"https:\/\/xn--entreparenthses-5mb.com\/?page_id=3566"},"modified":"2022-12-08T16:42:56","modified_gmt":"2022-12-08T15:42:56","slug":"2023-saint-amand-dunkerque","status":"publish","type":"page","link":"https:\/\/xn--entreparenthses-5mb.com\/?page_id=3566","title":{"rendered":"2023 &#8211; Saint-Amand &#8211; Dunkerque"},"content":{"rendered":"\n<p>Vous trouverez sur cette page tous les documents et informations concernant l\u2019organisation du s\u00e9jour sur la c\u00f4te d&#8217;Opale.<br>Cliquez sur les dossiers pour les t\u00e9l\u00e9charger ou appuyer sur le bouton \u00ab\u00a0suivre le s\u00e9jour\u00a0\u00bb pour suivre les aventures de vos enfants en continue.<\/p>\n\n\n\n<figure class=\"wp-block-image size-large\"><img loading=\"lazy\" width=\"1024\" height=\"542\" src=\"https:\/\/xn--entreparenthses-5mb.com\/wp-content\/uploads\/2022\/12\/F75E26FE-4E44-471D-96C3-D5C97DB695C1-1024x542.jpeg\" alt=\"\" class=\"wp-image-3567\" srcset=\"https:\/\/xn--entreparenthses-5mb.com\/wp-content\/uploads\/2022\/12\/F75E26FE-4E44-471D-96C3-D5C97DB695C1-1024x542.jpeg 1024w, https:\/\/xn--entreparenthses-5mb.com\/wp-content\/uploads\/2022\/12\/F75E26FE-4E44-471D-96C3-D5C97DB695C1-300x159.jpeg 300w, https:\/\/xn--entreparenthses-5mb.com\/wp-content\/uploads\/2022\/12\/F75E26FE-4E44-471D-96C3-D5C97DB695C1-768x406.jpeg 768w, https:\/\/xn--entreparenthses-5mb.com\/wp-content\/uploads\/2022\/12\/F75E26FE-4E44-471D-96C3-D5C97DB695C1-830x439.jpeg 830w, https:\/\/xn--entreparenthses-5mb.com\/wp-content\/uploads\/2022\/12\/F75E26FE-4E44-471D-96C3-D5C97DB695C1-230x122.jpeg 230w, https:\/\/xn--entreparenthses-5mb.com\/wp-content\/uploads\/2022\/12\/F75E26FE-4E44-471D-96C3-D5C97DB695C1-350x185.jpeg 350w, https:\/\/xn--entreparenthses-5mb.com\/wp-content\/uploads\/2022\/12\/F75E26FE-4E44-471D-96C3-D5C97DB695C1-480x254.jpeg 480w, https:\/\/xn--entreparenthses-5mb.com\/wp-content\/uploads\/2022\/12\/F75E26FE-4E44-471D-96C3-D5C97DB695C1.jpeg 1280w\" sizes=\"(max-width: 1024px) 100vw, 1024px\" \/><\/figure>\n\n\n\n<div class=\"wp-block-buttons is-content-justification-center\">\n<div class=\"wp-block-button\"><a class=\"wp-block-button__link has-vivid-red-color has-black-background-color has-text-color has-background\" href=\"https:\/\/xn--entreparenthses-5mb.com\/?page_id=3563\" style=\"border-radius:5px\">SUIVRE LE S\u00c9JOUR<\/a><\/div>\n<\/div>\n\n\n\n<hr class=\"wp-block-separator\"\/>\n\n\n\n<p>Voici le dossier d\u2019informations t\u00e9l\u00e9chargeable en un clic :<\/p>\n\n\n\n<div class=\"wp-block-file\"><a href=\"https:\/\/xn--entreparenthses-5mb.com\/wp-content\/uploads\/2022\/12\/Dossier-famille-site-2.pdf\">Dossier-famille-site-2<\/a><a href=\"https:\/\/xn--entreparenthses-5mb.com\/wp-content\/uploads\/2022\/12\/Dossier-famille-site-2.pdf\" class=\"wp-block-file__button\" download>T\u00e9l\u00e9charger<\/a><\/div>\n","protected":false},"excerpt":{"rendered":"<p>Vous trouverez sur cette page tous les documents et informations concernant l\u2019organisation du s\u00e9jour sur la c\u00f4te d&#8217;Opale.Cliquez sur les dossiers pour les t\u00e9l\u00e9charger ou appuyer sur le bouton \u00ab\u00a0suivre le s\u00e9jour\u00a0\u00bb pour suivre les aventures de vos enfants en continue. Voici le dossier d\u2019informations t\u00e9l\u00e9chargeable en un clic :<\/p>\n","protected":false},"author":1,"featured_media":0,"parent":0,"menu_order":0,"comment_status":"closed","ping_status":"closed","template":"","meta":[],"_links":{"self":[{"href":"https:\/\/xn--entreparenthses-5mb.com\/index.php?rest_route=\/wp\/v2\/pages\/3566"}],"collection":[{"href":"https:\/\/xn--entreparenthses-5mb.com\/index.php?rest_route=\/wp\/v2\/pages"}],"about":[{"href":"https:\/\/xn--entreparenthses-5mb.com\/index.php?rest_route=\/wp\/v2\/types\/page"}],"author":[{"embeddable":true,"href":"https:\/\/xn--entreparenthses-5mb.com\/index.php?rest_route=\/wp\/v2\/users\/1"}],"replies":[{"embeddable":true,"href":"https:\/\/xn--entreparenthses-5mb.com\/index.php?rest_route=%2Fwp%2Fv2%2Fcomments&post=3566"}],"version-history":[{"count":3,"href":"https:\/\/xn--entreparenthses-5mb.com\/index.php?rest_route=\/wp\/v2\/pages\/3566\/revisions"}],"predecessor-version":[{"id":3612,"href":"https:\/\/xn--entreparenthses-5mb.com\/index.php?rest_route=\/wp\/v2\/pages\/3566\/revisions\/3612"}],"wp:attachment":[{"href":"https:\/\/xn--entreparenthses-5mb.com\/index.php?rest_route=%2Fwp%2Fv2%2Fmedia&parent=3566"}],"curies":[{"name":"wp","href":"https:\/\/api.w.org\/{rel}","templated":true}]}}