{"id":3524,"date":"2022-11-28T15:40:27","date_gmt":"2022-11-28T14:40:27","guid":{"rendered":"https:\/\/xn--entreparenthses-5mb.com\/?page_id=3524"},"modified":"2022-12-03T08:06:52","modified_gmt":"2022-12-03T07:06:52","slug":"2023-les-ardennes-belges","status":"publish","type":"page","link":"https:\/\/xn--entreparenthses-5mb.com\/?page_id=3524","title":{"rendered":"2023 &#8211; Les Ardennes Belges"},"content":{"rendered":"\n<p>Vous trouverez sur cette page toutes les informations et documents concernant l\u2019organisation du s\u00e9jour en Belgique.<\/p>\n\n\n\n<figure class=\"wp-block-image size-full\"><img loading=\"lazy\" width=\"1024\" height=\"683\" src=\"https:\/\/xn--entreparenthses-5mb.com\/wp-content\/uploads\/2022\/12\/Domaine-des-Grottes-de-Han-43-1024x683-1.jpeg\" alt=\"\" class=\"wp-image-3542\" srcset=\"https:\/\/xn--entreparenthses-5mb.com\/wp-content\/uploads\/2022\/12\/Domaine-des-Grottes-de-Han-43-1024x683-1.jpeg 1024w, https:\/\/xn--entreparenthses-5mb.com\/wp-content\/uploads\/2022\/12\/Domaine-des-Grottes-de-Han-43-1024x683-1-300x200.jpeg 300w, https:\/\/xn--entreparenthses-5mb.com\/wp-content\/uploads\/2022\/12\/Domaine-des-Grottes-de-Han-43-1024x683-1-768x512.jpeg 768w, https:\/\/xn--entreparenthses-5mb.com\/wp-content\/uploads\/2022\/12\/Domaine-des-Grottes-de-Han-43-1024x683-1-830x554.jpeg 830w, https:\/\/xn--entreparenthses-5mb.com\/wp-content\/uploads\/2022\/12\/Domaine-des-Grottes-de-Han-43-1024x683-1-230x153.jpeg 230w, https:\/\/xn--entreparenthses-5mb.com\/wp-content\/uploads\/2022\/12\/Domaine-des-Grottes-de-Han-43-1024x683-1-350x233.jpeg 350w, https:\/\/xn--entreparenthses-5mb.com\/wp-content\/uploads\/2022\/12\/Domaine-des-Grottes-de-Han-43-1024x683-1-480x320.jpeg 480w\" sizes=\"(max-width: 1024px) 100vw, 1024px\" \/><\/figure>\n\n\n\n<p><br>Cliquez sur les dossiers pour les t\u00e9l\u00e9charger ou appuyer sur le bouton \u00ab\u00a0suivre le s\u00e9jour\u00a0\u00bb pour suivre les aventures de vos enfants en continue.<\/p>\n\n\n\n<div class=\"wp-block-buttons is-content-justification-center\">\n<div class=\"wp-block-button\"><a class=\"wp-block-button__link has-white-color has-cyan-bluish-gray-background-color has-text-color has-background\" href=\"https:\/\/xn--entreparenthses-5mb.com\/?page_id=3521\" style=\"border-radius:5px\">SUIVRE LE S\u00c9JOUR<\/a><\/div>\n<\/div>\n\n\n\n<hr class=\"wp-block-separator\"\/>\n\n\n\n<p>Voici le dossier famille telechargeable par simple clic<\/p>\n\n\n\n<div class=\"wp-block-file\"><a href=\"https:\/\/xn--entreparenthses-5mb.com\/wp-content\/uploads\/2022\/12\/Dossier-famille-LANDAS-site.pdf\">Dossier-famille-LANDAS-site<\/a><a href=\"https:\/\/xn--entreparenthses-5mb.com\/wp-content\/uploads\/2022\/12\/Dossier-famille-LANDAS-site.pdf\" class=\"wp-block-file__button\" download>T\u00e9l\u00e9charger<\/a><\/div>\n","protected":false},"excerpt":{"rendered":"<p>Vous trouverez sur cette page toutes les informations et documents concernant l\u2019organisation du s\u00e9jour en Belgique. Cliquez sur les dossiers pour les t\u00e9l\u00e9charger ou appuyer sur le bouton \u00ab\u00a0suivre le s\u00e9jour\u00a0\u00bb pour suivre les aventures de vos enfants en continue. Voici le dossier famille telechargeable par simple clic<\/p>\n","protected":false},"author":1,"featured_media":0,"parent":0,"menu_order":0,"comment_status":"closed","ping_status":"closed","template":"","meta":[],"_links":{"self":[{"href":"https:\/\/xn--entreparenthses-5mb.com\/index.php?rest_route=\/wp\/v2\/pages\/3524"}],"collection":[{"href":"https:\/\/xn--entreparenthses-5mb.com\/index.php?rest_route=\/wp\/v2\/pages"}],"about":[{"href":"https:\/\/xn--entreparenthses-5mb.com\/index.php?rest_route=\/wp\/v2\/types\/page"}],"author":[{"embeddable":true,"href":"https:\/\/xn--entreparenthses-5mb.com\/index.php?rest_route=\/wp\/v2\/users\/1"}],"replies":[{"embeddable":true,"href":"https:\/\/xn--entreparenthses-5mb.com\/index.php?rest_route=%2Fwp%2Fv2%2Fcomments&post=3524"}],"version-history":[{"count":3,"href":"https:\/\/xn--entreparenthses-5mb.com\/index.php?rest_route=\/wp\/v2\/pages\/3524\/revisions"}],"predecessor-version":[{"id":3543,"href":"https:\/\/xn--entreparenthses-5mb.com\/index.php?rest_route=\/wp\/v2\/pages\/3524\/revisions\/3543"}],"wp:attachment":[{"href":"https:\/\/xn--entreparenthses-5mb.com\/index.php?rest_route=%2Fwp%2Fv2%2Fmedia&parent=3524"}],"curies":[{"name":"wp","href":"https:\/\/api.w.org\/{rel}","templated":true}]}}