{"id":3516,"date":"2022-11-28T15:15:52","date_gmt":"2022-11-28T14:15:52","guid":{"rendered":"https:\/\/xn--entreparenthses-5mb.com\/?page_id=3516"},"modified":"2022-12-01T10:44:35","modified_gmt":"2022-12-01T09:44:35","slug":"2023-3-jours-en-val-de-loire-2","status":"publish","type":"page","link":"https:\/\/xn--entreparenthses-5mb.com\/?page_id=3516","title":{"rendered":"2023 &#8211; TEMPLEUVE &#8211; 3 jours en Val-de-Loire"},"content":{"rendered":"\n<p>Vous trouverez sur cette page tous les documents et informations concernant l\u2019organisation du s\u00e9jour en Val de Loire.<br>Cliquez sur les dossiers pour les t\u00e9l\u00e9charger ou appuyer sur le bouton \u00ab\u00a0suivre le s\u00e9jour\u00a0\u00bb pour suivre les aventures de vos enfants en continue.<\/p>\n\n\n\n<figure class=\"wp-block-image size-large\"><img loading=\"lazy\" width=\"1024\" height=\"1024\" src=\"https:\/\/xn--entreparenthses-5mb.com\/wp-content\/uploads\/2022\/11\/2B84DB39-9E22-4E2D-9DF4-02677813F409-1024x1024.webp\" alt=\"\" class=\"wp-image-3517\" srcset=\"https:\/\/xn--entreparenthses-5mb.com\/wp-content\/uploads\/2022\/11\/2B84DB39-9E22-4E2D-9DF4-02677813F409-1024x1024.webp 1024w, https:\/\/xn--entreparenthses-5mb.com\/wp-content\/uploads\/2022\/11\/2B84DB39-9E22-4E2D-9DF4-02677813F409-300x300.webp 300w, https:\/\/xn--entreparenthses-5mb.com\/wp-content\/uploads\/2022\/11\/2B84DB39-9E22-4E2D-9DF4-02677813F409-150x150.webp 150w, https:\/\/xn--entreparenthses-5mb.com\/wp-content\/uploads\/2022\/11\/2B84DB39-9E22-4E2D-9DF4-02677813F409-768x768.webp 768w, https:\/\/xn--entreparenthses-5mb.com\/wp-content\/uploads\/2022\/11\/2B84DB39-9E22-4E2D-9DF4-02677813F409-830x830.webp 830w, https:\/\/xn--entreparenthses-5mb.com\/wp-content\/uploads\/2022\/11\/2B84DB39-9E22-4E2D-9DF4-02677813F409-230x230.webp 230w, https:\/\/xn--entreparenthses-5mb.com\/wp-content\/uploads\/2022\/11\/2B84DB39-9E22-4E2D-9DF4-02677813F409-350x350.webp 350w, https:\/\/xn--entreparenthses-5mb.com\/wp-content\/uploads\/2022\/11\/2B84DB39-9E22-4E2D-9DF4-02677813F409-480x480.webp 480w, https:\/\/xn--entreparenthses-5mb.com\/wp-content\/uploads\/2022\/11\/2B84DB39-9E22-4E2D-9DF4-02677813F409.webp 1460w\" sizes=\"(max-width: 1024px) 100vw, 1024px\" \/><\/figure>\n\n\n\n<div class=\"wp-block-buttons is-content-justification-center\">\n<div class=\"wp-block-button\"><a class=\"wp-block-button__link has-vivid-red-color has-black-background-color has-text-color has-background\" href=\"https:\/\/xn--entreparenthses-5mb.com\/?page_id=3513\" style=\"border-radius:5px\">SUIVRE LE S\u00c9JOUR <\/a><\/div>\n<\/div>\n\n\n\n<hr class=\"wp-block-separator\"\/>\n\n\n\n<p>Voici le dossier famille telechargeable par simple clic : <\/p>\n\n\n\n<div class=\"wp-block-file\"><a href=\"https:\/\/xn--entreparenthses-5mb.com\/wp-content\/uploads\/2022\/12\/Dossier-famille-Templeuve-site.pdf\">Dossier-famille-Templeuve-site<\/a><a href=\"https:\/\/xn--entreparenthses-5mb.com\/wp-content\/uploads\/2022\/12\/Dossier-famille-Templeuve-site.pdf\" class=\"wp-block-file__button\" download>T\u00e9l\u00e9charger<\/a><\/div>\n\n\n\n<p><\/p>\n\n\n\n<p><\/p>\n","protected":false},"excerpt":{"rendered":"<p>Vous trouverez sur cette page tous les documents et informations concernant l\u2019organisation du s\u00e9jour en Val de Loire.Cliquez sur les dossiers pour les t\u00e9l\u00e9charger ou appuyer sur le bouton \u00ab\u00a0suivre le s\u00e9jour\u00a0\u00bb pour suivre les aventures de vos enfants en continue. Voici le dossier famille telechargeable par simple clic :<\/p>\n","protected":false},"author":1,"featured_media":0,"parent":0,"menu_order":0,"comment_status":"closed","ping_status":"closed","template":"","meta":[],"_links":{"self":[{"href":"https:\/\/xn--entreparenthses-5mb.com\/index.php?rest_route=\/wp\/v2\/pages\/3516"}],"collection":[{"href":"https:\/\/xn--entreparenthses-5mb.com\/index.php?rest_route=\/wp\/v2\/pages"}],"about":[{"href":"https:\/\/xn--entreparenthses-5mb.com\/index.php?rest_route=\/wp\/v2\/types\/page"}],"author":[{"embeddable":true,"href":"https:\/\/xn--entreparenthses-5mb.com\/index.php?rest_route=\/wp\/v2\/users\/1"}],"replies":[{"embeddable":true,"href":"https:\/\/xn--entreparenthses-5mb.com\/index.php?rest_route=%2Fwp%2Fv2%2Fcomments&post=3516"}],"version-history":[{"count":4,"href":"https:\/\/xn--entreparenthses-5mb.com\/index.php?rest_route=\/wp\/v2\/pages\/3516\/revisions"}],"predecessor-version":[{"id":3536,"href":"https:\/\/xn--entreparenthses-5mb.com\/index.php?rest_route=\/wp\/v2\/pages\/3516\/revisions\/3536"}],"wp:attachment":[{"href":"https:\/\/xn--entreparenthses-5mb.com\/index.php?rest_route=%2Fwp%2Fv2%2Fmedia&parent=3516"}],"curies":[{"name":"wp","href":"https:\/\/api.w.org\/{rel}","templated":true}]}}