{"id":3482,"date":"2022-11-22T10:01:37","date_gmt":"2022-11-22T09:01:37","guid":{"rendered":"https:\/\/xn--entreparenthses-5mb.com\/?page_id=3482"},"modified":"2022-11-24T20:39:36","modified_gmt":"2022-11-24T19:39:36","slug":"2023-chemy-la-nature-et-les-energies","status":"publish","type":"page","link":"https:\/\/xn--entreparenthses-5mb.com\/?page_id=3482","title":{"rendered":"2023 &#8211; Chemy. La nature et les \u00e9nergies."},"content":{"rendered":"\n<p>Vous trouverez sur cette page toutes les informations et documents concernant l\u2019organisation du s\u00e9jour qui aura lieu du 9 au 12 mai sur la C\u00f4te d\u2019Opale.<\/p>\n\n\n\n<p><br>Cliquez sur les dossiers pour les t\u00e9l\u00e9charger ou appuyer sur le bouton \u00ab&nbsp;suivre le s\u00e9jour&nbsp;\u00bb pour suivre les aventures de vos enfants en continue.<\/p>\n\n\n\n<div class=\"wp-block-buttons is-content-justification-center\">\n<div class=\"wp-block-button\"><a class=\"wp-block-button__link\" href=\"https:\/\/xn--entreparenthses-5mb.com\/?page_id=3480\" style=\"border-radius:5px\">SUIVRE LE S\u00c9JOUR<\/a><\/div>\n<\/div>\n\n\n\n<hr class=\"wp-block-separator\"\/>\n\n\n\n<figure class=\"wp-block-image size-large\"><img loading=\"lazy\" width=\"1024\" height=\"596\" src=\"https:\/\/xn--entreparenthses-5mb.com\/wp-content\/uploads\/2022\/11\/68642BAF-0CCC-4DBE-B43D-02AD6B0F7674-1024x596.jpeg\" alt=\"\" class=\"wp-image-3484\" srcset=\"https:\/\/xn--entreparenthses-5mb.com\/wp-content\/uploads\/2022\/11\/68642BAF-0CCC-4DBE-B43D-02AD6B0F7674-1024x596.jpeg 1024w, https:\/\/xn--entreparenthses-5mb.com\/wp-content\/uploads\/2022\/11\/68642BAF-0CCC-4DBE-B43D-02AD6B0F7674-300x175.jpeg 300w, https:\/\/xn--entreparenthses-5mb.com\/wp-content\/uploads\/2022\/11\/68642BAF-0CCC-4DBE-B43D-02AD6B0F7674-768x447.jpeg 768w, https:\/\/xn--entreparenthses-5mb.com\/wp-content\/uploads\/2022\/11\/68642BAF-0CCC-4DBE-B43D-02AD6B0F7674-1536x894.jpeg 1536w, https:\/\/xn--entreparenthses-5mb.com\/wp-content\/uploads\/2022\/11\/68642BAF-0CCC-4DBE-B43D-02AD6B0F7674-2048x1192.jpeg 2048w, https:\/\/xn--entreparenthses-5mb.com\/wp-content\/uploads\/2022\/11\/68642BAF-0CCC-4DBE-B43D-02AD6B0F7674-830x483.jpeg 830w, https:\/\/xn--entreparenthses-5mb.com\/wp-content\/uploads\/2022\/11\/68642BAF-0CCC-4DBE-B43D-02AD6B0F7674-230x134.jpeg 230w, https:\/\/xn--entreparenthses-5mb.com\/wp-content\/uploads\/2022\/11\/68642BAF-0CCC-4DBE-B43D-02AD6B0F7674-350x204.jpeg 350w, https:\/\/xn--entreparenthses-5mb.com\/wp-content\/uploads\/2022\/11\/68642BAF-0CCC-4DBE-B43D-02AD6B0F7674-480x279.jpeg 480w\" sizes=\"(max-width: 1024px) 100vw, 1024px\" \/><\/figure>\n\n\n\n<hr class=\"wp-block-separator\"\/>\n\n\n\n<p>Voici le dossier famille t\u00e9l\u00e9chargeable en un clic.<\/p>\n\n\n\n<div class=\"wp-block-file\"><a href=\"https:\/\/xn--entreparenthses-5mb.com\/wp-content\/uploads\/2022\/11\/Dossier-famille-CHEMY-site.pdf\">Dossier-famille-CHEMY-site<\/a><a href=\"https:\/\/xn--entreparenthses-5mb.com\/wp-content\/uploads\/2022\/11\/Dossier-famille-CHEMY-site.pdf\" class=\"wp-block-file__button\" download>T\u00e9l\u00e9charger<\/a><\/div>\n\n\n\n<hr class=\"wp-block-separator\"\/>\n\n\n\n<p>Voici le lien pour retrouver la pr\u00e9sentation du s\u00e9jour aux familles, organis\u00e9e \u00e0 l\u2019\u00e9cole le vendredi 25 novembre.<\/p>\n\n\n\n<div class=\"wp-block-file\"><a href=\"https:\/\/xn--entreparenthses-5mb.com\/wp-content\/uploads\/2022\/11\/CHEMY-COTE-DOPALE.pdf\">CHEMY-COTE-DOPALE<\/a><a href=\"https:\/\/xn--entreparenthses-5mb.com\/wp-content\/uploads\/2022\/11\/CHEMY-COTE-DOPALE.pdf\" class=\"wp-block-file__button\" download>T\u00e9l\u00e9charger<\/a><\/div>\n","protected":false},"excerpt":{"rendered":"<p>Vous trouverez sur cette page toutes les informations et documents concernant l\u2019organisation du s\u00e9jour qui aura lieu du 9 au 12 mai sur la C\u00f4te d\u2019Opale. Cliquez sur les dossiers pour les t\u00e9l\u00e9charger ou appuyer sur le bouton \u00ab&nbsp;suivre le s\u00e9jour&nbsp;\u00bb pour suivre les aventures de vos enfants en continue. Voici le dossier famille t\u00e9l\u00e9chargeable [&hellip;]<\/p>\n","protected":false},"author":1,"featured_media":0,"parent":0,"menu_order":0,"comment_status":"closed","ping_status":"closed","template":"","meta":[],"_links":{"self":[{"href":"https:\/\/xn--entreparenthses-5mb.com\/index.php?rest_route=\/wp\/v2\/pages\/3482"}],"collection":[{"href":"https:\/\/xn--entreparenthses-5mb.com\/index.php?rest_route=\/wp\/v2\/pages"}],"about":[{"href":"https:\/\/xn--entreparenthses-5mb.com\/index.php?rest_route=\/wp\/v2\/types\/page"}],"author":[{"embeddable":true,"href":"https:\/\/xn--entreparenthses-5mb.com\/index.php?rest_route=\/wp\/v2\/users\/1"}],"replies":[{"embeddable":true,"href":"https:\/\/xn--entreparenthses-5mb.com\/index.php?rest_route=%2Fwp%2Fv2%2Fcomments&post=3482"}],"version-history":[{"count":7,"href":"https:\/\/xn--entreparenthses-5mb.com\/index.php?rest_route=\/wp\/v2\/pages\/3482\/revisions"}],"predecessor-version":[{"id":3512,"href":"https:\/\/xn--entreparenthses-5mb.com\/index.php?rest_route=\/wp\/v2\/pages\/3482\/revisions\/3512"}],"wp:attachment":[{"href":"https:\/\/xn--entreparenthses-5mb.com\/index.php?rest_route=%2Fwp%2Fv2%2Fmedia&parent=3482"}],"curies":[{"name":"wp","href":"https:\/\/api.w.org\/{rel}","templated":true}]}}