{"id":3476,"date":"2022-11-21T16:01:20","date_gmt":"2022-11-21T15:01:20","guid":{"rendered":"https:\/\/xn--entreparenthses-5mb.com\/?page_id=3476"},"modified":"2022-11-24T20:32:46","modified_gmt":"2022-11-24T19:32:46","slug":"2023-2-jours-au-puy-du-fou","status":"publish","type":"page","link":"https:\/\/xn--entreparenthses-5mb.com\/?page_id=3476","title":{"rendered":"2023 &#8211; 2 jours au Puy du Fou"},"content":{"rendered":"\n<p>Vous trouverez sur cette page toutes les informations et documents concernant l\u2019organisation du s\u00e9jour au Puy du Fou.<\/p>\n\n\n\n<p><br>Cliquez sur les dossiers pour les t\u00e9l\u00e9charger ou appuyer sur le bouton \u00ab&nbsp;suivre le s\u00e9jour&nbsp;\u00bb pour suivre les aventures de vos enfants en continue.<\/p>\n\n\n\n<figure class=\"wp-block-image size-large\"><img loading=\"lazy\" width=\"1024\" height=\"674\" src=\"https:\/\/xn--entreparenthses-5mb.com\/wp-content\/uploads\/2022\/11\/719F8A0A-276A-47FD-9BEA-9844B4B5594F-1024x674.jpeg\" alt=\"\" class=\"wp-image-3477\" srcset=\"https:\/\/xn--entreparenthses-5mb.com\/wp-content\/uploads\/2022\/11\/719F8A0A-276A-47FD-9BEA-9844B4B5594F-1024x674.jpeg 1024w, https:\/\/xn--entreparenthses-5mb.com\/wp-content\/uploads\/2022\/11\/719F8A0A-276A-47FD-9BEA-9844B4B5594F-300x197.jpeg 300w, https:\/\/xn--entreparenthses-5mb.com\/wp-content\/uploads\/2022\/11\/719F8A0A-276A-47FD-9BEA-9844B4B5594F-768x506.jpeg 768w, https:\/\/xn--entreparenthses-5mb.com\/wp-content\/uploads\/2022\/11\/719F8A0A-276A-47FD-9BEA-9844B4B5594F-830x546.jpeg 830w, https:\/\/xn--entreparenthses-5mb.com\/wp-content\/uploads\/2022\/11\/719F8A0A-276A-47FD-9BEA-9844B4B5594F-230x151.jpeg 230w, https:\/\/xn--entreparenthses-5mb.com\/wp-content\/uploads\/2022\/11\/719F8A0A-276A-47FD-9BEA-9844B4B5594F-350x230.jpeg 350w, https:\/\/xn--entreparenthses-5mb.com\/wp-content\/uploads\/2022\/11\/719F8A0A-276A-47FD-9BEA-9844B4B5594F-480x316.jpeg 480w, https:\/\/xn--entreparenthses-5mb.com\/wp-content\/uploads\/2022\/11\/719F8A0A-276A-47FD-9BEA-9844B4B5594F.jpeg 1077w\" sizes=\"(max-width: 1024px) 100vw, 1024px\" \/><\/figure>\n\n\n\n<div class=\"wp-block-buttons is-content-justification-center\">\n<div class=\"wp-block-button\"><a class=\"wp-block-button__link has-vivid-red-color has-black-background-color has-text-color has-background\" href=\"https:\/\/xn--entreparenthses-5mb.com\/?page_id=3474\" style=\"border-radius:5px\">SUIVRE LE S\u00c9JOUR <\/a><\/div>\n<\/div>\n\n\n\n<hr class=\"wp-block-separator\"\/>\n\n\n\n<p>Voici le dossier famille telechargeable par simple clic<\/p>\n\n\n\n<p>Dossier famille Resnescure<\/p>\n\n\n\n<div class=\"wp-block-file\"><a href=\"https:\/\/xn--entreparenthses-5mb.com\/wp-content\/uploads\/2022\/11\/Dossier-famille-Renescure-site.pdf\">Dossier-famille-Renescure-site<\/a><a href=\"https:\/\/xn--entreparenthses-5mb.com\/wp-content\/uploads\/2022\/11\/Dossier-famille-Renescure-site.pdf\" class=\"wp-block-file__button\" download>T\u00e9l\u00e9charger<\/a><\/div>\n\n\n\n<p>Dossier famille Thiennes<\/p>\n\n\n\n<div class=\"wp-block-file\"><a href=\"https:\/\/xn--entreparenthses-5mb.com\/wp-content\/uploads\/2022\/11\/Dossier-famille-Thiennes-site.pdf\">Dossier-famille-Thiennes-site<\/a><a href=\"https:\/\/xn--entreparenthses-5mb.com\/wp-content\/uploads\/2022\/11\/Dossier-famille-Thiennes-site.pdf\" class=\"wp-block-file__button\" download>T\u00e9l\u00e9charger<\/a><\/div>\n\n\n\n<hr class=\"wp-block-separator\"\/>\n\n\n\n<p>Veuillez trouver ci joint la pr\u00e9sentation famille effectu\u00e9 le 24 novembre \u00e0 l&#8217;\u00e9cole<\/p>\n\n\n\n<div class=\"wp-block-file\"><a href=\"https:\/\/xn--entreparenthses-5mb.com\/wp-content\/uploads\/2022\/11\/RENESCURE-PUY-DU-FOU.pdf\">RENESCURE-PUY-DU-FOU<\/a><a href=\"https:\/\/xn--entreparenthses-5mb.com\/wp-content\/uploads\/2022\/11\/RENESCURE-PUY-DU-FOU.pdf\" class=\"wp-block-file__button\" download>T\u00e9l\u00e9charger<\/a><\/div>\n\n\n\n<div class=\"wp-block-file\"><a href=\"https:\/\/xn--entreparenthses-5mb.com\/wp-content\/uploads\/2022\/11\/THIENNES-PUY-DU-FOU-copie.pdf\">THIENNES-PUY-DU-FOU-copie<\/a><a href=\"https:\/\/xn--entreparenthses-5mb.com\/wp-content\/uploads\/2022\/11\/THIENNES-PUY-DU-FOU-copie.pdf\" class=\"wp-block-file__button\" download>T\u00e9l\u00e9charger<\/a><\/div>\n","protected":false},"excerpt":{"rendered":"<p>Vous trouverez sur cette page toutes les informations et documents concernant l\u2019organisation du s\u00e9jour au Puy du Fou. Cliquez sur les dossiers pour les t\u00e9l\u00e9charger ou appuyer sur le bouton \u00ab&nbsp;suivre le s\u00e9jour&nbsp;\u00bb pour suivre les aventures de vos enfants en continue. Voici le dossier famille telechargeable par simple clic Dossier famille Resnescure Dossier famille [&hellip;]<\/p>\n","protected":false},"author":1,"featured_media":0,"parent":0,"menu_order":0,"comment_status":"closed","ping_status":"closed","template":"","meta":[],"_links":{"self":[{"href":"https:\/\/xn--entreparenthses-5mb.com\/index.php?rest_route=\/wp\/v2\/pages\/3476"}],"collection":[{"href":"https:\/\/xn--entreparenthses-5mb.com\/index.php?rest_route=\/wp\/v2\/pages"}],"about":[{"href":"https:\/\/xn--entreparenthses-5mb.com\/index.php?rest_route=\/wp\/v2\/types\/page"}],"author":[{"embeddable":true,"href":"https:\/\/xn--entreparenthses-5mb.com\/index.php?rest_route=\/wp\/v2\/users\/1"}],"replies":[{"embeddable":true,"href":"https:\/\/xn--entreparenthses-5mb.com\/index.php?rest_route=%2Fwp%2Fv2%2Fcomments&post=3476"}],"version-history":[{"count":5,"href":"https:\/\/xn--entreparenthses-5mb.com\/index.php?rest_route=\/wp\/v2\/pages\/3476\/revisions"}],"predecessor-version":[{"id":3510,"href":"https:\/\/xn--entreparenthses-5mb.com\/index.php?rest_route=\/wp\/v2\/pages\/3476\/revisions\/3510"}],"wp:attachment":[{"href":"https:\/\/xn--entreparenthses-5mb.com\/index.php?rest_route=%2Fwp%2Fv2%2Fmedia&parent=3476"}],"curies":[{"name":"wp","href":"https:\/\/api.w.org\/{rel}","templated":true}]}}