{"id":21014,"date":"2026-04-03T15:03:02","date_gmt":"2026-04-03T13:03:02","guid":{"rendered":"https:\/\/xn--entreparenthses-5mb.com\/?page_id=21014"},"modified":"2026-04-03T15:22:01","modified_gmt":"2026-04-03T13:22:01","slug":"2026-bersee-sainte-therese","status":"publish","type":"page","link":"https:\/\/xn--entreparenthses-5mb.com\/?page_id=21014","title":{"rendered":"@2026 &#8211; Bers\u00e9e Sainte Th\u00e9r\u00e8se"},"content":{"rendered":"","protected":true},"excerpt":{"rendered":"","protected":true},"author":1,"featured_media":0,"parent":0,"menu_order":0,"comment_status":"closed","ping_status":"closed","template":"","meta":[],"_links":{"self":[{"href":"https:\/\/xn--entreparenthses-5mb.com\/index.php?rest_route=\/wp\/v2\/pages\/21014"}],"collection":[{"href":"https:\/\/xn--entreparenthses-5mb.com\/index.php?rest_route=\/wp\/v2\/pages"}],"about":[{"href":"https:\/\/xn--entreparenthses-5mb.com\/index.php?rest_route=\/wp\/v2\/types\/page"}],"author":[{"embeddable":true,"href":"https:\/\/xn--entreparenthses-5mb.com\/index.php?rest_route=\/wp\/v2\/users\/1"}],"replies":[{"embeddable":true,"href":"https:\/\/xn--entreparenthses-5mb.com\/index.php?rest_route=%2Fwp%2Fv2%2Fcomments&post=21014"}],"version-history":[{"count":5,"href":"https:\/\/xn--entreparenthses-5mb.com\/index.php?rest_route=\/wp\/v2\/pages\/21014\/revisions"}],"predecessor-version":[{"id":21025,"href":"https:\/\/xn--entreparenthses-5mb.com\/index.php?rest_route=\/wp\/v2\/pages\/21014\/revisions\/21025"}],"wp:attachment":[{"href":"https:\/\/xn--entreparenthses-5mb.com\/index.php?rest_route=%2Fwp%2Fv2%2Fmedia&parent=21014"}],"curies":[{"name":"wp","href":"https:\/\/api.w.org\/{rel}","templated":true}]}}